{"id":7763,"date":"2019-04-15T13:12:25","date_gmt":"2019-04-15T11:12:25","guid":{"rendered":"http:\/\/www.cedronsenior.sk\/?page_id=7763"},"modified":"2026-02-11T19:11:22","modified_gmt":"2026-02-11T17:11:22","slug":"eon","status":"publish","type":"page","link":"https:\/\/www.cedronsenior.sk\/?page_id=7763","title":{"rendered":"EON"},"content":{"rendered":"[vc_row][vc_column][vc_column_text]\r\n\r\n<p><strong><span style=\"color: #ff0000;\"><a style=\"color: #ff0000;\" href=\"https:\/\/www.cedronsenior.sk\/wp-content\/uploads\/2020\/03\/eon-2019-.pdf\">EKONOMICKY OPR\u00c1VNEN\u00c9 N\u00c1KLADY za rok 2019<\/a><\/span><\/strong><\/p>\r\n\r\n[\/vc_column_text][\/vc_column][\/vc_row][vc_row][vc_column][vc_column_text] <strong><span style=\"color: #ff0000;\"><a style=\"color: #ff0000;\" href=\"https:\/\/www.cedronsenior.sk\/wp-content\/uploads\/2021\/02\/eon-2020-zverejnenie.pdf\">EKONOMICKY OPR\u00c1VNEN\u00c9 N\u00c1KLADY za rok 2020<\/a><\/span><\/strong> [\/vc_column_text][\/vc_column][\/vc_row][vc_row][vc_column][vc_column_text] <strong><span style=\"color: #ff0000;\"><a style=\"color: #ff0000;\" href=\"https:\/\/www.cedronsenior.sk\/wp-content\/uploads\/2022\/01\/eon-2021-zverejnenie.pdf\">EKONOMICKY OPR\u00c1VNEN\u00c9 N\u00c1KLADY za rok 2021<\/a><\/span><\/strong> [\/vc_column_text][\/vc_column][\/vc_row][vc_row][vc_column][vc_column_text] <strong><span style=\"color: #ff0000;\"><a style=\"color: #ff0000;\" href=\"https:\/\/www.cedronsenior.sk\/wp-content\/uploads\/2023\/02\/eon-2022-zverejnenie.pdf\">EKONOMICKY OPR\u00c1VNEN\u00c9 N\u00c1KLADY za rok 2022<\/a><\/span><\/strong> [\/vc_column_text][vc_column_text] <strong><span style=\"color: #ff0000;\"><a style=\"color: #ff0000;\" href=\"https:\/\/www.cedronsenior.sk\/wp-content\/uploads\/2024\/02\/ekonomicky-oprvnen-nklady-za-rok-2023.pdf\">EKONOMICKY OPR\u00c1VNEN\u00c9 N\u00c1KLADY za rok 2023<\/a><\/span><\/strong> [\/vc_column_text][\/vc_column][\/vc_row][vc_row][vc_column][vc_column_text] [\/vc_column_text][\/vc_column][\/vc_row][vc_row][vc_column][vc_column_text] [\/vc_column_text][\/vc_column][\/vc_row][vc_row][vc_column][vc_column_text] [\/vc_column_text][\/vc_column][\/vc_row][vc_row][vc_column][vc_column_text] [\/vc_column_text][\/vc_column][\/vc_row]\r\n[vc_row][vc_column][vc_column_text] <strong><span style=\"color: #ff0000;\"><a style=\"color: #ff0000;\" href=\"https:\/\/www.cedronsenior.sk\/wp-content\/uploads\/2025\/02\/eon-2024-zverejnenie.pdf\">EKONOMICKY OPR\u00c1VNEN\u00c9 N\u00c1KLADY za rok 2024<\/a><\/span><\/strong> [\/vc_column_text][vc_column_text]\r\n<p><strong><span style=\"color: #ff0000;\"><a style=\"color: #ff0000;\" href=\"https:\/\/www.cedronsenior.sk\/wp-content\/uploads\/2026\/02\/eon-2025-zverejnenie-1.pdf\">EKONOMICKY OPR\u00c1VNEN\u00c9 N\u00c1KLADY za rok 2025<\/a><\/span><\/strong><\/p>\r\n[\/vc_column_text][\/vc_column][\/vc_row]","protected":false},"excerpt":{"rendered":"<p>[vc_row][vc_column][vc_column_text] EKONOMICKY OPR\u00c1VNEN\u00c9 N\u00c1KLADY za rok 2019 [\/vc_column_text][\/vc_column][\/vc_row][vc_row][vc_column][vc_column_text] EKONOMICKY OPR\u00c1VNEN\u00c9 N\u00c1KLADY za rok 2020 [\/vc_column_text][\/vc_column][\/vc_row][vc_row][vc_column][vc_column_text] EKONOMICKY OPR\u00c1VNEN\u00c9 N\u00c1KLADY za rok 2021 [\/vc_column_text][\/vc_column][\/vc_row][vc_row][vc_column][vc_column_text] EKONOMICKY OPR\u00c1VNEN\u00c9 N\u00c1KLADY za rok 2022 [\/vc_column_text][vc_column_text] EKONOMICKY OPR\u00c1VNEN\u00c9 N\u00c1KLADY za rok 2023 [\/vc_column_text][\/vc_column][\/vc_row][vc_row][vc_column][vc_column_text] [\/vc_column_text][\/vc_column][\/vc_row][vc_row][vc_column][vc_column_text] [\/vc_column_text][\/vc_column][\/vc_row][vc_row][vc_column][vc_column_text] [\/vc_column_text][\/vc_column][\/vc_row][vc_row][vc_column][vc_column_text] [\/vc_column_text][\/vc_column][\/vc_row] [vc_row][vc_column][vc_column_text] EKONOMICKY OPR\u00c1VNEN\u00c9 N\u00c1KLADY za rok 2024 [\/vc_column_text][vc_column_text] EKONOMICKY OPR\u00c1VNEN\u00c9 N\u00c1KLADY za rok 2025 [\/vc_column_text][\/vc_column][\/vc_row]<\/p>\n","protected":false},"author":2,"featured_media":0,"parent":5745,"menu_order":0,"comment_status":"closed","ping_status":"closed","template":"","meta":{"footnotes":""},"_links":{"self":[{"href":"https:\/\/www.cedronsenior.sk\/index.php?rest_route=\/wp\/v2\/pages\/7763"}],"collection":[{"href":"https:\/\/www.cedronsenior.sk\/index.php?rest_route=\/wp\/v2\/pages"}],"about":[{"href":"https:\/\/www.cedronsenior.sk\/index.php?rest_route=\/wp\/v2\/types\/page"}],"author":[{"embeddable":true,"href":"https:\/\/www.cedronsenior.sk\/index.php?rest_route=\/wp\/v2\/users\/2"}],"replies":[{"embeddable":true,"href":"https:\/\/www.cedronsenior.sk\/index.php?rest_route=%2Fwp%2Fv2%2Fcomments&post=7763"}],"version-history":[{"count":33,"href":"https:\/\/www.cedronsenior.sk\/index.php?rest_route=\/wp\/v2\/pages\/7763\/revisions"}],"predecessor-version":[{"id":8728,"href":"https:\/\/www.cedronsenior.sk\/index.php?rest_route=\/wp\/v2\/pages\/7763\/revisions\/8728"}],"up":[{"embeddable":true,"href":"https:\/\/www.cedronsenior.sk\/index.php?rest_route=\/wp\/v2\/pages\/5745"}],"wp:attachment":[{"href":"https:\/\/www.cedronsenior.sk\/index.php?rest_route=%2Fwp%2Fv2%2Fmedia&parent=7763"}],"curies":[{"name":"wp","href":"https:\/\/api.w.org\/{rel}","templated":true}]}}