{"id":7126,"date":"2016-03-04T10:16:56","date_gmt":"2016-03-04T08:16:56","guid":{"rendered":"http:\/\/www.cedronsenior.sk\/?page_id=7126"},"modified":"2026-02-11T16:22:17","modified_gmt":"2026-02-11T14:22:17","slug":"aktuality","status":"publish","type":"page","link":"https:\/\/www.cedronsenior.sk\/?page_id=7126","title":{"rendered":"Aktuality"},"content":{"rendered":"[vc_row][vc_column][mk_gallery title=&#8220;Ani\u010dka &#8211; terapeutick\u00e1 b\u00e1bika&#8220; images=&#8220;9767,9764,9770,9769,9768,9763,9762&#8243; height=&#8220;400&#8243; item_spacing=&#8220;10&#8243;][mk_gallery title=&#8220;N\u00e1\u0161 osl\u00e1venec Tonko&#8220; images=&#8220;9682,9678,9676,9674,9673,9672,9671&#8243;][mk_gallery title=&#8220;Pomoc pri pr\u00edprave desiaty &#8220; images=&#8220;9683,9684&#8243;][mk_gallery title=&#8220;Kr\u00e1sne 85 narodeniny na\u0161ej pani Gitky &#8220; images=&#8220;9721,9720,9719,9714,9715&#8243;][mk_gallery title=&#8220;Vyst\u00fapenie det\u00ed zo \u0160K Z\u0160 v Mojm\u00edrovciach &#8220; images=&#8220;9713,9712,9711,9710,9709,9708,9707,9706,9705,9704,9703,9702,9701,9700,9699,9698,9697,9696,9695,9694,9693,9692,9691,9690,9689&#8243;][mk_gallery title=&#8220;Rodinn\u00e9 objatie v domove :-))&#8220; images=&#8220;9727,9726,9725,9724&#8243;][mk_gallery title=&#8220;Stavanie 1.m\u00e1ja&#8220; images=&#8220;9608,9609,9610,9612,9614,9615,9616,9617,9619,9621,9622,9624,9625,9626,9633&#8243;][mk_gallery title=&#8220;Slnie\u010dkujeme sa&#8220; images=&#8220;9596,9595,9594,9593&#8243;][mk_gallery title=&#8220;,,N\u00e1\u0161&#8222; Pi\u0161ta oslavuje 80tku &#8220; images=&#8220;9601,9603,9604,9598,9599,9600,9602&#8243;][mk_gallery title=&#8220;Oslava naroden\u00edn p\u00e1na far\u00e1ra v na\u0161om zariaden\u00ed s tvorbou ru\u017eenca pre osl\u00e1vanca&#8220; images=&#8220;9565,9566,9567,9571,9572,9573,9574,9575,9576,9577,9578,9579,9580,9582&#8243;][mk_gallery title=&#8220;Aj takto tr\u00e1vime vo\u013en\u00fd \u010das &#8220; images=&#8220;9554,9555,9556,9557,9558,9559,9560,9561&#8243;][mk_gallery title=&#8220;Fa\u0161iangy&#8220; images=&#8220;9540,9541,9542,9543,9544,9545,9546,9547,9548,9549,9550,9551,9552,9553&#8243;][mk_gallery title=&#8220;BINGO ! &#8220; images=&#8220;9530,9531,9532,9533,9534,9536,9537,9538&#8243;][mk_gallery title=&#8220;BINGO ! &#8220; images=&#8220;9530,9531,9532,9533,9534,9536,9537,9538&#8243;][mk_gallery title=&#8220;Oslava Elenkin\u00fdch 85. naroden\u00edn&#8220; images=&#8220;9497,9498,9499,9500,9501,9502,9503,9504,9505,9506,9507,9508,9509,9510,9511,9512,9513,9514,9515,9516&#8243;][mk_gallery title=&#8220;Terezka 98 r\u00f4\u010dkov&#8220; images=&#8220;9489,9490,9491,9492,9493,9494,9495&#8243;][mk_gallery title=&#8220;Vo\u013eno\u010dasov\u00e9 aktivity&#8220; images=&#8220;9483,9484,9485,9486,9487&#8243;][mk_gallery title=&#8220;Viano\u010dn\u00fd \u010das u n\u00e1s&#8220; images=&#8220;9389,9391,9396,9397,9398,9400,9401,9402,9403,9405,9406,9412,9413,9415,9423,9424,9429,9430,9434,9436,9439,9441,9442,9443,9444,9447,9449,9450,9452,9453,9454,9456,9457,9458,9459,9460,9461,9462,9463,9464,9465,9467,9468,9472,9473,9474&#8243;][mk_gallery title=&#8220;Pe\u010dieme&#8220; images=&#8220;9324,9322,9320,9317&#8243;][mk_gallery title=&#8220;Tvor\u00edme viano\u010dn\u00fa v\u00fdzdobu&#8220; images=&#8220;9333,9328,9327,9326,9325,9305,9307&#8243;][mk_gallery title=&#8220;Vyst\u00fapenie det\u00ed zo Z\u0160 Mojm\u00edrovce &#8220; images=&#8220;9369,9370,9371,9372,9373,9374&#8243;][mk_gallery title=&#8220;Pr\u00edprava a posedenie pri gul\u00e1\u0161i&#8220; images=&#8220;9350,9349,9341,9337,9342,9351,9352,9353,9354,9355,9356,9357,9360,9361,9362,9365,9367,9368&#8243;][mk_gallery title=&#8220;\u0160itie beh\u00fa\u0148ov &#8211; n\u00e1cvik jemnej motoriky&#8220; images=&#8220;9303,9305,9306,9307&#8243;][mk_gallery title=&#8220;Pe\u010denie chleb\u00edka&#8220; images=&#8220;9298,9300,9301&#8243;][mk_gallery title=&#8220;Oslava 95.naroden\u00edn Olinky&#8220; images=&#8220;9259,9262,9263,9265,9266,9267,9269,9270,9273,9274,9275,9276,9282,9283,9284,9285,9286,9287,9292,9256&#8243;][mk_gallery title=&#8220;Pe\u010denie zemiakov\u00fdch pag\u00e1\u010dikov&#8220; images=&#8220;9239,9240,9241,9242,9243,9244,9245,9246,9247,9248,9249,9250,9251,9252,9253,9257,9256,9254,9255&#8243;][mk_gallery title=&#8220;U\u010d\u00edme sa pracova\u0165 s po\u010dita\u010dom&#8220; images=&#8220;9236,9237&#8243;][mk_gallery title=&#8220;Aktiviz\u00e1cia prij\u00edmate\u013eov soci\u00e1lnej slu\u017eby formou pohybu&#8220; images=&#8220;9230,9231,9232,9233,9234&#8243;][mk_gallery title=&#8220;Na\u0161e gazdinky v akcii&#8220; images=&#8220;9218,9219,9220,9221&#8243;][mk_gallery title=&#8220;Fa\u0161iangy &#8211; symbol veselosti, z\u00e1bavy a hodovania&#8220; images=&#8220;9125,9124,9123,9122,9120,9119,9117,9115,9114,9111&#8243;][mk_gallery title=&#8220;December \u010das pokoja, l\u00e1sky a pr\u00edjemn\u00fdch prekvapen\u00ed&#8220; images=&#8220;9003,9004,9001,8998,8990,8975,8966,8957,8960,8962,9008,9016,9019,9023,9027,9033,9031,9044,9046,9049,9061,9053,9066,9068,9073,9076,9079,9081,9085,9091,9093&#8243;][vc_column_text]December sa nesie v znamen\u00ed \u010darovnej viano\u010dnej atmosf\u00e9ry. Za\u010d\u00edna n\u00e1v\u0161tevou sv. Mikul\u00e1\u0161a s jeho pomocn\u00edkmi, ktor\u00ed n\u00e1s obdarili nielen dobrou n\u00e1ladou ale i sladk\u00fdm bal\u00ed\u010dkom. Spolo\u010dne sme si u\u017eili tanec, spev a b\u00e1sni\u010dky.<\/p>\n<p>Pe\u010denie viano\u010dn\u00e9ho pe\u010diva z r\u00fak na\u0161ich sk\u00fasen\u00fdch gazdiniek, zdobenie viano\u010dn\u00e9ho strom\u010deka len umocnili pocit prich\u00e1dzaj\u00facich sviatkov.<\/p>\n<p>Ka\u017edoro\u010dne sa zap\u00e1jame do projektov ,,Ko\u013eko l\u00e1sky sa zmest\u00ed do krabice od top\u00e1nok&#8220; a ,,Viano\u010dn\u00e1 po\u0161ta&#8220;. Tento rok n\u00e1m k tomu zatancovali a zaspievali deti\u010dky z M\u0160 Mojm\u00edrovce.<\/p>\n<p>&nbsp;<\/p>\n[\/vc_column_text][vc_column_text][\/vc_column_text][mk_gallery title=&#8220;Okt\u00f3ber &#8211; Mesiac \u00facty k star\u0161\u00edm&#8220; images=&#8220;8952,8948,8946,8944,8942,8940,8939,8937&#8243;][vc_column_text]Okt\u00f3ber je mesiacom \u00facty k star\u0161\u00edm. ,, \u00dacta k t\u00fdm, ktor\u00ed tvrdo pracovali, aby sa n\u00e1m \u017eilo lep\u0161ie.<\/p>\n<p>\u00dacta k t\u00fdm, ktor\u00ed sa ka\u017ed\u00fd de\u0148 vzd\u00e1vali radosti, ktor\u00e9 im \u017eivot pon\u00fakal, aby urobili \u0161\u0165astn\u00fdmi n\u00e1s, ich deti.<\/p>\n<p>\u00dacta k na\u0161\u00edm otcom a na\u0161\u00edm mam\u00e1m. K na\u0161\u00edm prarodi\u010dom.<\/p>\n<p>Deti\u010dky z M\u0160 Mojm\u00edrovce pri\u0161li pote\u0161i\u0165 srdie\u010dka na\u0161ich seniorov svoj\u00edm vyst\u00fapen\u00edm, ktor\u00e9 si pripravili s pani u\u010dite\u013ekami.<\/p>\n<p>Za toto mil\u00e9 pote\u0161enie im ve\u013emi pekne \u010fakujeme.[\/vc_column_text][mk_gallery title=&#8220;75. narodeniny p. Vladka &#8220; images=&#8220;8925,8924,8922,8923&#8243;][vc_column_text]<strong>Fa\u0161iangy<\/strong><\/p>\n<p>Fa\u0161iangov\u00fd de\u0148 sme za\u010dali pe\u010den\u00edm \u0161i\u0161iek, na ktor\u00fdch sme si riadne pochutili. Hodov\u00fa atmosf\u00e9ru n\u00e1m pri\u0161li spr\u00edjemnili deti zo Z\u0160 Mojm\u00edrovce vyst\u00fapen\u00edm. Deti n\u00e1m vytvorili kr\u00e1sne srdie\u010dka, ktor\u00e9 podarovali s obrovsk\u00fdm \u00fasmevom na\u0161\u00edm stark\u00fdm. Ich rados\u0165 a v\u010fa\u010dnos\u0165 v o\u010diach bola obrovsk\u00e1. V\u0161etci sme si zatancovali.<\/p>\n<p>T\u00fdmto \u010fakujeme pani vychov\u00e1vate\u013ek\u00e1m zo Z\u0160 Mojm\u00edrovce za pripraven\u00fd program a soci\u00e1lnym pracovn\u00ed\u010dkam z obce Mojm\u00edrovce za ich pomoc.<\/p>\n[\/vc_column_text][mk_gallery images=&#8220;8748,8757,8761,8764,8765,8767,8754,8772,8770,8775,8779,8780,8781,8789,8786,8784,8783,8797,8805,8802&#8243;][mk_gallery title=&#8220;\u0160kolenie opatrovateliek&#8220; images=&#8220;8719,8716,8715,8714,8712,8709&#8243;][mk_gallery title=&#8220;Na dne\u0161n\u00e9 testovanie sa pri\u0161iel pozrie\u0165 aj Mikul\u00e1\u0161 a ke\u010f\u017ee sa na\u0161\u00ed stark\u00ed stato\u010dne dr\u017eali a kr\u00e1sne b\u00e1sni\u010dky Mikul\u00e1\u0161ovi zarecitovali, Mikul\u00e1\u0161 ich kr\u00e1snym bal\u00ed\u010dkom obdaril :-)&#8220; images=&#8220;8419,8423,8425,8426,8434,8437,8438,8439,8442,8444,8446,8447,8449,8451,8453,8455,8457,8459,8460,8461,8463,8469,8473,8479,8484,8488,8489,8494,8497,8503,8504,8506,8511,8512,8515,8516,8519,8521,8523,8525,8526,8527,8528,8529,8530,8533,8538,8539,8545,8547,8549,8550,8551&#8243;][vc_column_text]Jesenn\u00e9 sychrav\u00e9 po\u010dasie si spr\u00edjem\u0148ujeme kr\u00e1snymi pesni\u010dkami \ud83d\ude42<\/p>\n<div style=\"width: 576px;\" class=\"wp-video\"><!--[if lt IE 9]><script>document.createElement('video');<\/script><![endif]-->\n<video class=\"wp-video-shortcode\" id=\"video-7126-1\" width=\"576\" height=\"320\" preload=\"metadata\" controls=\"controls\"><source type=\"video\/mp4\" src=\"https:\/\/www.cedronsenior.sk\/wp-content\/uploads\/2020\/11\/video-1606479459.mp4?_=1\" \/><a href=\"https:\/\/www.cedronsenior.sk\/wp-content\/uploads\/2020\/11\/video-1606479459.mp4\">https:\/\/www.cedronsenior.sk\/wp-content\/uploads\/2020\/11\/video-1606479459.mp4<\/a><\/video><\/div>\n[\/vc_column_text][mk_gallery title=&#8220;Posedenie pri bylinkov\u00fdch \u010dajoch (p\u013e\u00facnik lek\u00e1rsky, baza kvet su\u0161en\u00fd, levandu\u013ea su\u0161en\u00e1, ag\u00e1tov\u00fd kvet), \u0161\u00edpkov\u00fd \u010daj, levandu\u013eov\u00fd a \u0161\u00edpkov\u00fd sirup spolu s viano\u010dkou so \u0161\u00edpkov\u00fdm d\u017eemom. Degust\u00e1cia chutn\u00fdch \u010dajov a sirupov s viano\u010dkou sa n\u00e1m ve\u013emi p\u00e1\u010dila a radi si ju op\u00e4\u0165 zopakujeme :-)&#8220; images=&#8220;8404,8402,8401,8400,8399,8398,8397&#8243;][mk_gallery title=&#8220;Pripravujeme sa na zimu a \u010dist\u00edme \u0161\u00edpky, ktor\u00e9 n\u00e1m priniesla pani Al\u017ebeta Eli\u00e1\u0161ov\u00e1 od deti\u010diek zo Z\u0160 v Nov\u00fdch Z\u00e1mkoch. Ve\u013emi pekne im \u010fakujeme :-)&#8220; images=&#8220;8370,8373,8378,8379,8381,8383,8388,8389,8390&#8243;][mk_gallery title=&#8220;S\u00fa\u0165a\u017e v prednese b\u00e1sne o jeseni &#8222;M\u00e1m b\u00e1sni\u010dku na jaz\u00fd\u010dku&#8222;. Ka\u017ed\u00fd, kto sa do s\u00fa\u0165a\u017ee zapojil si odniesol sladk\u00fa odmenu :-)&#8220; images=&#8220;8301,8302,8303,8306,8307,8309,8311,8314,8317,8318,8319,8320,8322&#8243;][mk_gallery title=&#8220;Pripravujeme si jesenn\u00fa v\u00fdzdobu zariadenia :-)&#8220; images=&#8220;8289,8290,8291,8292,8293,8294&#8243;][mk_gallery title=&#8220;Kr\u00ed\u017eov\u00e1 cesta v Mojm\u00edrovciach &#8220; images=&#8220;8265,8266,8271,8273,8276,8278,8283&#8243;][mk_gallery title=&#8220;Letn\u00fd \u0161kolsk\u00fd t\u00e1bor \u0161kolsk\u00e9ho klubu v Mojm\u00edrovciach. Mil\u00e9 pani u\u010dite\u013eky spolu s deti\u010dkami si pre n\u00e1s pripravili ve\u013emi pekn\u00e9 vyst\u00fapenie pre na\u0161ich seniorov, aby im spr\u00edjemnili chv\u00ed\u013eky odl\u00fa\u010denia. \u010eakujeme za kr\u00e1sne vyst\u00fapenie a kon\u00edkov, ktor\u00fd n\u00e1m skr\u00e1\u0161\u013euj\u00fa plot. &#8220; images=&#8220;8255,8256,8257,8258,8259,8260,8261,8262&#8243;][mk_gallery title=&#8220;TESTOVANIE ZAMESTNANCOV A KLIENTOV NA COVID-19&#8243; images=&#8220;8219,8220,8221,8222,8223,8224,8225&#8243;][\/vc_column][\/vc_row]\n","protected":false},"excerpt":{"rendered":"<p>[vc_row][vc_column][mk_gallery title=&#8220;Ani\u010dka &#8211; terapeutick\u00e1 b\u00e1bika&#8220; images=&#8220;9767,9764,9770,9769,9768,9763,9762&#8243; height=&#8220;400&#8243; item_spacing=&#8220;10&#8243;][mk_gallery title=&#8220;N\u00e1\u0161 osl\u00e1venec Tonko&#8220; images=&#8220;9682,9678,9676,9674,9673,9672,9671&#8243;][mk_gallery title=&#8220;Pomoc pri pr\u00edprave desiaty &#8220; images=&#8220;9683,9684&#8243;][mk_gallery title=&#8220;Kr\u00e1sne 85 narodeniny na\u0161ej pani Gitky &#8220; images=&#8220;9721,9720,9719,9714,9715&#8243;][mk_gallery title=&#8220;Vyst\u00fapenie det\u00ed zo \u0160K Z\u0160 v Mojm\u00edrovciach &#8220; images=&#8220;9713,9712,9711,9710,9709,9708,9707,9706,9705,9704,9703,9702,9701,9700,9699,9698,9697,9696,9695,9694,9693,9692,9691,9690,9689&#8243;][mk_gallery title=&#8220;Rodinn\u00e9 objatie v domove :-))&#8220; images=&#8220;9727,9726,9725,9724&#8243;][mk_gallery title=&#8220;Stavanie 1.m\u00e1ja&#8220; images=&#8220;9608,9609,9610,9612,9614,9615,9616,9617,9619,9621,9622,9624,9625,9626,9633&#8243;][mk_gallery title=&#8220;Slnie\u010dkujeme sa&#8220; images=&#8220;9596,9595,9594,9593&#8243;][mk_gallery title=&#8220;,,N\u00e1\u0161&#8222; Pi\u0161ta oslavuje 80tku &#8220; images=&#8220;9601,9603,9604,9598,9599,9600,9602&#8243;][mk_gallery title=&#8220;Oslava naroden\u00edn [&hellip;]<\/p>\n","protected":false},"author":2,"featured_media":0,"parent":0,"menu_order":0,"comment_status":"closed","ping_status":"closed","template":"","meta":{"footnotes":""},"_links":{"self":[{"href":"https:\/\/www.cedronsenior.sk\/index.php?rest_route=\/wp\/v2\/pages\/7126"}],"collection":[{"href":"https:\/\/www.cedronsenior.sk\/index.php?rest_route=\/wp\/v2\/pages"}],"about":[{"href":"https:\/\/www.cedronsenior.sk\/index.php?rest_route=\/wp\/v2\/types\/page"}],"author":[{"embeddable":true,"href":"https:\/\/www.cedronsenior.sk\/index.php?rest_route=\/wp\/v2\/users\/2"}],"replies":[{"embeddable":true,"href":"https:\/\/www.cedronsenior.sk\/index.php?rest_route=%2Fwp%2Fv2%2Fcomments&post=7126"}],"version-history":[{"count":90,"href":"https:\/\/www.cedronsenior.sk\/index.php?rest_route=\/wp\/v2\/pages\/7126\/revisions"}],"predecessor-version":[{"id":8954,"href":"https:\/\/www.cedronsenior.sk\/index.php?rest_route=\/wp\/v2\/pages\/7126\/revisions\/8954"}],"wp:attachment":[{"href":"https:\/\/www.cedronsenior.sk\/index.php?rest_route=%2Fwp%2Fv2%2Fmedia&parent=7126"}],"curies":[{"name":"wp","href":"https:\/\/api.w.org\/{rel}","templated":true}]}}