{"id":6648,"date":"2015-06-18T07:17:50","date_gmt":"2015-06-18T05:17:50","guid":{"rendered":"http:\/\/www.cedronsenior.sk\/?page_id=6648"},"modified":"2025-05-21T10:44:59","modified_gmt":"2025-05-21T08:44:59","slug":"vyrocne-spravy","status":"publish","type":"page","link":"https:\/\/www.cedronsenior.sk\/?page_id=6648","title":{"rendered":"V\u00fdro\u010dn\u00e9 spr\u00e1vy"},"content":{"rendered":"<p>&nbsp;<\/p>\n<ul style=\"list-style-type: square;\">\n<li>\n<h3><span style=\"color: #000000;\"><strong><a style=\"color: #000000;\" href=\"https:\/\/www.cedronsenior.sk\/wp-content\/uploads\/2025\/05\/vyrocna-sprava-sprava-nezavisleho-auditora-k-uz-za-rok-2024.pdf\">V\u00ddRO\u010cN\u00c1 SPR\u00c1VA ZA ROK 2024<\/a><\/strong><\/span><\/h3>\n<\/li>\n<li>\n<h3><span style=\"color: #000000;\"><strong><a style=\"color: #000000;\" href=\"https:\/\/www.cedronsenior.sk\/wp-content\/uploads\/2025\/05\/vyrocna-sprava-sprava-auditora-k-uz-za-rok-2023-compressed.pdf\">V\u00ddRO\u010cN\u00c1 SPR\u00c1VA ZA ROK 2023<\/a><\/strong><\/span><\/h3>\n<\/li>\n<li>\n<h3><span style=\"color: #000000;\"><strong><a style=\"color: #000000;\" href=\"https:\/\/www.cedronsenior.sk\/wp-content\/uploads\/2024\/02\/vron-sprva-n.o.-za-rok-2022.pdf\">V\u00ddRO\u010cN\u00c1 SPR\u00c1VA ZA ROK 2022<\/a><\/strong><\/span><\/h3>\n<\/li>\n<li>\n<h3><span style=\"color: #000000;\"><strong><a style=\"color: #000000;\" href=\"https:\/\/www.cedronsenior.sk\/wp-content\/uploads\/2023\/02\/vron-sprva-n.o.-za-rok-2021.pdf\">V\u00ddRO\u010cN\u00c1 SPR\u00c1VA ZA ROK 2021<\/a><\/strong><\/span><\/h3>\n<\/li>\n<li>\n<h3><span style=\"color: #000000;\"><strong><a style=\"color: #000000;\" href=\"https:\/\/www.cedronsenior.sk\/wp-content\/uploads\/2023\/02\/vron-sprva-n.o.-za-rok-2020.pdf\">V\u00ddRO\u010cN\u00c1 SPR\u00c1VA ZA ROK 2020<\/a><\/strong><\/span><\/h3>\n<\/li>\n<li>\n<h3><span style=\"color: #000000;\"><strong><a style=\"color: #000000;\" href=\"https:\/\/www.cedronsenior.sk\/wp-content\/uploads\/2023\/02\/vron-sprva-n.o.-za-rok-2019.pdf\">V\u00ddRO\u010cN\u00c1 SPR\u00c1VA ZA ROK 2019<\/a><\/strong><\/span><\/h3>\n<\/li>\n<li>\n<h3><span style=\"color: #000000;\"><strong><a style=\"color: #000000;\" href=\"https:\/\/www.cedronsenior.sk\/wp-content\/uploads\/2023\/02\/vron-sprva-n.o.-za-rok-2018.pdf\">V\u00ddRO\u010cN\u00c1 SPR\u00c1VA ZA ROK 2018<\/a><\/strong><\/span><\/h3>\n<\/li>\n<li>\n<h3><span style=\"color: #000000;\"><strong><a style=\"color: #000000;\" href=\"https:\/\/www.cedronsenior.sk\/wp-content\/uploads\/2023\/02\/vron-sprva-n.o.-za-rok-2017.pdf\">V\u00ddRO\u010cN\u00c1 SPR\u00c1VA ZA ROK 2017<\/a><\/strong><\/span><\/h3>\n<\/li>\n<li>\n<h3><span style=\"color: #000000;\"><strong><a style=\"color: #000000;\" href=\"https:\/\/www.cedronsenior.sk\/wp-content\/uploads\/2023\/02\/vron-sprva-n.o.-za-rok-2016.pdf\">V\u00ddRO\u010cN\u00c1 SPR\u00c1VA ZA ROK 2016<\/a><\/strong><\/span><\/h3>\n<\/li>\n<li>\n<h3><span style=\"color: #000000;\"><strong><a style=\"color: #000000;\" href=\"https:\/\/www.cedronsenior.sk\/wp-content\/uploads\/2023\/02\/vron-sprva-n.o.-za-rok-2015.pdf\">V\u00ddRO\u010cN\u00c1 SPR\u00c1VA ZA ROK 2015<\/a><\/strong><\/span><\/h3>\n<\/li>\n<li>\n<h3><span style=\"color: #000000;\"><strong><a style=\"color: #000000;\" href=\"https:\/\/www.cedronsenior.sk\/wp-content\/uploads\/2023\/02\/vron-sprva-n.o.-za-rok-2014.pdf\">V\u00ddRO\u010cN\u00c1 SPR\u00c1VA ZA ROK 2014<\/a><\/strong><\/span><\/h3>\n<\/li>\n<li>\n<h3><span style=\"color: #000000;\"><a style=\"color: #000000;\" href=\"https:\/\/www.cedronsenior.sk\/wp-content\/uploads\/2023\/02\/vron-sprva-n.o.-za-rok-2013.pdf\"><strong>V\u00ddRO\u010cN\u00c1 SPR\u00c1VA ZA ROK 2013<\/strong><\/a><\/span><\/h3>\n<\/li>\n<\/ul>\n","protected":false},"excerpt":{"rendered":"<p>&nbsp; V\u00ddRO\u010cN\u00c1 SPR\u00c1VA ZA ROK 2024 V\u00ddRO\u010cN\u00c1 SPR\u00c1VA ZA ROK 2023 V\u00ddRO\u010cN\u00c1 SPR\u00c1VA ZA ROK 2022 V\u00ddRO\u010cN\u00c1 SPR\u00c1VA ZA ROK 2021 V\u00ddRO\u010cN\u00c1 SPR\u00c1VA ZA ROK 2020 V\u00ddRO\u010cN\u00c1 SPR\u00c1VA ZA ROK 2019 V\u00ddRO\u010cN\u00c1 SPR\u00c1VA ZA ROK 2018 V\u00ddRO\u010cN\u00c1 SPR\u00c1VA ZA ROK 2017 V\u00ddRO\u010cN\u00c1 SPR\u00c1VA ZA ROK 2016 V\u00ddRO\u010cN\u00c1 SPR\u00c1VA ZA ROK 2015 V\u00ddRO\u010cN\u00c1 SPR\u00c1VA ZA ROK [&hellip;]<\/p>\n","protected":false},"author":2,"featured_media":0,"parent":5763,"menu_order":0,"comment_status":"open","ping_status":"open","template":"","meta":{"footnotes":""},"_links":{"self":[{"href":"https:\/\/www.cedronsenior.sk\/index.php?rest_route=\/wp\/v2\/pages\/6648"}],"collection":[{"href":"https:\/\/www.cedronsenior.sk\/index.php?rest_route=\/wp\/v2\/pages"}],"about":[{"href":"https:\/\/www.cedronsenior.sk\/index.php?rest_route=\/wp\/v2\/types\/page"}],"author":[{"embeddable":true,"href":"https:\/\/www.cedronsenior.sk\/index.php?rest_route=\/wp\/v2\/users\/2"}],"replies":[{"embeddable":true,"href":"https:\/\/www.cedronsenior.sk\/index.php?rest_route=%2Fwp%2Fv2%2Fcomments&post=6648"}],"version-history":[{"count":19,"href":"https:\/\/www.cedronsenior.sk\/index.php?rest_route=\/wp\/v2\/pages\/6648\/revisions"}],"predecessor-version":[{"id":9641,"href":"https:\/\/www.cedronsenior.sk\/index.php?rest_route=\/wp\/v2\/pages\/6648\/revisions\/9641"}],"up":[{"embeddable":true,"href":"https:\/\/www.cedronsenior.sk\/index.php?rest_route=\/wp\/v2\/pages\/5763"}],"wp:attachment":[{"href":"https:\/\/www.cedronsenior.sk\/index.php?rest_route=%2Fwp%2Fv2%2Fmedia&parent=6648"}],"curies":[{"name":"wp","href":"https:\/\/api.w.org\/{rel}","templated":true}]}}