{"id":5802,"date":"2014-11-19T10:15:39","date_gmt":"2014-11-19T08:15:39","guid":{"rendered":"http:\/\/www.cedronsenior.sk\/?page_id=5802"},"modified":"2025-06-13T14:55:10","modified_gmt":"2025-06-13T12:55:10","slug":"o-nas-2","status":"publish","type":"page","link":"https:\/\/www.cedronsenior.sk\/?page_id=5802","title":{"rendered":"O n\u00e1s"},"content":{"rendered":"<h2 data-start=\"239\" data-end=\"298\">,, SME MIESTOM, KDE STAROSTLIVOS\u0164 ZNAMEN\u00c1 POROZUMENIE&#8220;<\/h2>\n<p>&nbsp;<\/p>\n<p data-start=\"133\" data-end=\"307\">Neziskov\u00e1 organiz\u00e1cia <strong data-start=\"155\" data-end=\"190\">CEDRON SENIOR Mojm\u00edrovce, n. o.<\/strong> bola zalo\u017een\u00e1 27. febru\u00e1ra 2013 s cie\u013eom poskytova\u0165 v\u0161eobecne prospe\u0161n\u00e9 slu\u017eby v oblasti soci\u00e1lnej starostlivosti.<\/p>\n<p data-start=\"309\" data-end=\"500\">Zariadenie poskytuje pobytov\u00e9 soci\u00e1lne slu\u017eby fyzick\u00fdm osob\u00e1m, ktor\u00e9 dov\u0155\u0161ili d\u00f4chodkov\u00fd vek a s\u00fa odk\u00e1zan\u00e9 na pomoc inej fyzickej osoby pod\u013ea stup\u0148a odk\u00e1zanosti ur\u010den\u00e9ho platnou legislat\u00edvou.<\/p>\n<p data-start=\"502\" data-end=\"716\">Zariadenie sa nach\u00e1dza v centre obce <strong data-start=\"539\" data-end=\"553\">Mojm\u00edrovce<\/strong>, ktor\u00e1 patr\u00ed do <strong data-start=\"570\" data-end=\"593\">mikroregi\u00f3nu CEDRON<\/strong> \u2013 pomenovan\u00e9ho pod\u013ea okolit\u00fdch obc\u00ed: <strong data-start=\"631\" data-end=\"715\">Cabaj-\u010c\u00e1por, Mojm\u00edrovce, Po\u013en\u00fd Kesov, Sv\u00e4toplukovo, \u0160tefanovi\u010dov\u00e1 a Ve\u013ek\u00e1 Dolina<\/strong>.<\/p>\n<p data-start=\"718\" data-end=\"966\">Celkov\u00e1 kapacita zariadenia je <strong data-start=\"749\" data-end=\"785\">22 prij\u00edmate\u013eov soci\u00e1lnej slu\u017eby<\/strong>. O ich potreby sa star\u00e1 <strong data-start=\"810\" data-end=\"829\">12 zamestnancov<\/strong>, z toho 11<strong data-start=\"838\" data-end=\"865\">\u00a0odborn\u00fdch pracovn\u00edkov<\/strong>, ktor\u00ed zabezpe\u010duj\u00fa komplexn\u00fa odborn\u00fa starostlivos\u0165 v s\u00falade s individu\u00e1lnymi potrebami prij\u00edmate\u013eov.<\/p>\n<p data-start=\"293\" data-end=\"477\">Poslan\u00edm zariadenia je poskytova\u0165 soci\u00e1lne slu\u017eby ob\u010danom, ktor\u00ed pre svoj zdravotn\u00fd stav, zn\u00ed\u017een\u00fa sebesta\u010dnos\u0165 alebo soci\u00e1lnu situ\u00e1ciu u\u017e nedok\u00e1\u017eu zotrva\u0165 vo svojom dom\u00e1com prostred\u00ed. Zamestnanci zariadenia sa zameriavaj\u00fa na podporu nez\u00e1vislosti a \u010do najdlh\u0161ej sebesta\u010dnosti prij\u00edmate\u013eov. Na\u0161\u00edm cie\u013eom je predch\u00e1dza\u0165 izol\u00e1cii prij\u00edmate\u013eov, udr\u017eiava\u0165 ich kontakt so spolo\u010densk\u00fdm prostred\u00edm a umo\u017eni\u0165 im \u017ei\u0165 d\u00f4stojne a \u010do najviac v s\u00falade s ich doteraj\u0161\u00edm \u017eivotn\u00fdm \u0161t\u00fdlom. Soci\u00e1lne slu\u017eby s\u00fa poskytovan\u00e9 s re\u0161pektovan\u00edm individuality ka\u017ed\u00e9ho \u010dloveka, s d\u00f4razom na podporu jeho d\u00f4stojnosti, auton\u00f3mie a soci\u00e1lneho za\u010dlenenia. Prij\u00edmate\u013eov akt\u00edvne motivujeme k zap\u00e1janiu sa do be\u017en\u00fdch denn\u00fdch \u010dinnost\u00ed, ktor\u00e9 boli s\u00fa\u010das\u0165ou ich predch\u00e1dzaj\u00faceho \u017eivota.<\/p>\n<p data-start=\"1045\" data-end=\"1335\">Zariadenie funguje v men\u0161om, komunitnom prostred\u00ed s d\u00f4razom na vytv\u00e1ranie dom\u00e1cej atmosf\u00e9ry, osobn\u00e9ho kontaktu a vz\u00e1jomnej d\u00f4very. Vysok\u00fa kvalitu poskytovan\u00fdch slu\u017eieb zabezpe\u010dujeme prostredn\u00edctvom profesion\u00e1lneho, empatick\u00e9ho a individu\u00e1lne orientovan\u00e9ho pr\u00edstupu ku ka\u017ed\u00e9mu prij\u00edmate\u013eovi.<\/p>\n<p data-start=\"1337\" data-end=\"1513\">Hlavn\u00fdm cie\u013eom aktiv\u00edt v zariaden\u00ed je zvy\u0161ovanie kvality \u017eivota seniorov a os\u00f4b so zdravotn\u00fdm znev\u00fdhodnen\u00edm, ako aj neust\u00e1le zlep\u0161ovanie pracovn\u00e9ho prostredia pre zamestnancov.<\/p>\n<p data-start=\"1515\" data-end=\"1794\">Osobitn\u00fa pozornos\u0165 venujeme rozv\u00edjaniu <strong data-start=\"1554\" data-end=\"1569\">reziliencie<\/strong> prij\u00edmate\u013eov \u2013 ich schopnosti zvl\u00e1da\u0165 a prisp\u00f4sobi\u0165 sa \u017eivotnej zmene spojenej s prechodom do zariadenia soci\u00e1lnych slu\u017eieb. Podpora adapt\u00e1cie je k\u013e\u00fa\u010dov\u00e1 pre zachovanie ich pocitu d\u00f4stojnosti, zmysluplnosti a kvality \u017eivota. S\u00fastred\u00edme sa na komplexn\u00e9 uspokojovanie potrieb prij\u00edmate\u013eov so zn\u00ed\u017eenou schopnos\u0165ou sebaopatery v d\u00f4sledku veku alebo geriatrick\u00fdch syndr\u00f3mov. D\u00f4raz kladieme na re\u0161pektovanie ich pr\u00e1v, d\u00f4stojnosti a pr\u00e1va na plnohodnotn\u00e9 starnutie.<\/p>\n<h3 data-start=\"255\" data-end=\"320\"><\/h3>\n<h3 data-start=\"255\" data-end=\"320\"><strong data-start=\"259\" data-end=\"320\">Charakteristika zariadenia a rozsah poskytovan\u00fdch slu\u017eieb<\/strong><\/h3>\n<p data-start=\"322\" data-end=\"714\">Zariadenie pre seniorov <strong data-start=\"346\" data-end=\"381\">CEDRON SENIOR Mojm\u00edrovce, n. o.<\/strong> poskytuje soci\u00e1lne slu\u017eby fyzick\u00fdm osob\u00e1m, ktor\u00e9 dov\u0155\u0161ili d\u00f4chodkov\u00fd vek a s\u00fa odk\u00e1zan\u00e9 na pomoc inej fyzickej osoby, pri\u010dom ich stupe\u0148 odk\u00e1zanosti je minim\u00e1lne <strong data-start=\"542\" data-end=\"600\">IV. stupe\u0148 pod\u013ea pr\u00edlohy \u010d. 3 z\u00e1kona \u010d. 448\/2008 Z. z.<\/strong>, alebo osob\u00e1m, ktor\u00e9 s\u00edce dosiahli d\u00f4chodkov\u00fd vek, no z in\u00fdch v\u00e1\u017enych d\u00f4vodov potrebuj\u00fa pobytov\u00fa soci\u00e1lnu slu\u017ebu.<\/p>\n<p data-start=\"716\" data-end=\"968\">Zariadenie poskytuje <strong data-start=\"737\" data-end=\"800\">komplexn\u00fa opatrovate\u013esk\u00fa starostlivos\u0165 na 24-hodinovej b\u00e1ze<\/strong>, zabezpe\u010dovan\u00fa kvalifikovan\u00fdm opatrovate\u013esk\u00fdm person\u00e1lom. Okrem toho s\u00fa prij\u00edmate\u013eom k dispoz\u00edcii slu\u017eby soci\u00e1lneho poradenstva, soci\u00e1lnej pr\u00e1ce a soci\u00e1lnej rehabilit\u00e1cie.<\/p>\n<p data-start=\"970\" data-end=\"1444\"><strong data-start=\"970\" data-end=\"997\">Zdravotn\u00fa starostlivos\u0165<\/strong> zabezpe\u010duje obvodn\u00fd lek\u00e1r pod\u013ea v\u00fdberu prij\u00edmate\u013ea \u2013 na z\u00e1klade z\u00e1ujmu a dohody. V pr\u00edpade potreby je zabezpe\u010den\u00e1 aj odborn\u00e1 zdravotn\u00e1 starostlivos\u0165 prostredn\u00edctvom <strong data-start=\"1163\" data-end=\"1220\">agent\u00far dom\u00e1cej o\u0161etrovate\u013eskej starostlivosti (ADOS)<\/strong>. Fyzioterapeutick\u00fa starostlivos\u0165 vykon\u00e1va odborn\u00fd pracovn\u00edk vybranej agent\u00fary na z\u00e1klade odpor\u00fa\u010dania lek\u00e1ra \u0161pecialistu v odbore FBLR (fyziatria, balneol\u00f3gia a lie\u010debn\u00e1 rehabilit\u00e1cia) a po vypracovan\u00ed rehabilita\u010dn\u00e9ho pl\u00e1nu.<\/p>\n<p data-start=\"1446\" data-end=\"1638\">Pri sprev\u00e1dzan\u00ed prij\u00edmate\u013eov na odborn\u00e9 vy\u0161etrenia sa sna\u017e\u00edme prednostne zapoji\u0165 rodinn\u00fdch pr\u00edslu\u0161n\u00edkov. V pr\u00edpade, \u017ee to nie je mo\u017en\u00e9, zabezpe\u010d\u00ed sprievod kvalifikovan\u00fd zamestnanec zariadenia.<\/p>\n<p data-start=\"1640\" data-end=\"2054\"><strong data-start=\"1640\" data-end=\"1666\">Soci\u00e1lna rehabilit\u00e1cia<\/strong>, zameran\u00e1 najm\u00e4 na n\u00e1cvik sebaobslu\u017en\u00fdch \u010dinnost\u00ed a podporu samostatnosti, je s\u00fa\u010das\u0165ou individu\u00e1lneho pl\u00e1novania. Realizuje ju multidisciplin\u00e1rny t\u00edm zlo\u017een\u00fd zo soci\u00e1lneho pracovn\u00edka (resp. asistenta soci\u00e1lnej pr\u00e1ce), koordin\u00e1tora denn\u00fdch aktiv\u00edt, opatrovate\u013eky a prij\u00edmate\u013ea, pod\u013ea jeho schopnost\u00ed a z\u00e1ujmu. V pr\u00edpade z\u00e1ujmu prij\u00edmate\u013ea je do pl\u00e1novania a realiz\u00e1cie zap\u00e1jan\u00e1 aj rodina.<\/p>\n<p data-start=\"2056\" data-end=\"2349\">Zariadenie disponuje vypracovan\u00fdm <strong data-start=\"2090\" data-end=\"2126\">pl\u00e1nom denn\u00fdch a ro\u010dn\u00fdch aktiv\u00edt<\/strong>, do ktor\u00e9ho s\u00fa akt\u00edvne zap\u00e1jan\u00ed prij\u00edmatelia. V r\u00e1mci tzv. <strong data-start=\"2186\" data-end=\"2205\">rann\u00fdch komun\u00edt<\/strong> maj\u00fa mo\u017enos\u0165 vyjadri\u0165 svoje priania, n\u00e1vrhy a podnety, ktor\u00e9 sa premietaj\u00fa do praxe a program sa priebe\u017ene prisp\u00f4sobuje ich aktu\u00e1lnym potreb\u00e1m.<\/p>\n<p data-start=\"2351\" data-end=\"2850\">Zariadenie kladie d\u00f4raz na <strong data-start=\"2378\" data-end=\"2430\">udr\u017eiavanie vz\u0165ahov s rodinou a bl\u00edzkymi osobami<\/strong> prij\u00edmate\u013eov a vytv\u00e1ra priestor na ich akt\u00edvne zapojenie do \u017eivota zariadenia. Vo\u013eno\u010dasov\u00e9 aktivity s\u00fa obohacovan\u00e9 aj spolupr\u00e1cou s miestnymi in\u0161tit\u00faciami a komunitou (Matersk\u00e1 \u0161kola Mojm\u00edrovce, Z\u00e1kladn\u00e1 umeleck\u00e1 \u0161kola, \u0160kolsk\u00fd klub det\u00ed, hudobn\u00e9 skupiny, dobrovo\u013en\u00edci). Prij\u00edmatelia sa pod\u013ea svojich mo\u017enost\u00ed z\u00fa\u010dast\u0148uj\u00fa na kult\u00farnych a spolo\u010densk\u00fdch podujatiach v obci \u2013 pas\u00edvne aj akt\u00edvne (napr. v\u00fdstavy, vyst\u00fapenia).<\/p>\n<h3 data-start=\"2857\" data-end=\"2892\"><\/h3>\n<p data-start=\"3620\" data-end=\"3784\">\n<p>&nbsp;<\/p>\n","protected":false},"excerpt":{"rendered":"<p>,, SME MIESTOM, KDE STAROSTLIVOS\u0164 ZNAMEN\u00c1 POROZUMENIE&#8220; &nbsp; Neziskov\u00e1 organiz\u00e1cia CEDRON SENIOR Mojm\u00edrovce, n. o. bola zalo\u017een\u00e1 27. febru\u00e1ra 2013 s cie\u013eom poskytova\u0165 v\u0161eobecne prospe\u0161n\u00e9 slu\u017eby v oblasti soci\u00e1lnej starostlivosti. Zariadenie poskytuje pobytov\u00e9 soci\u00e1lne slu\u017eby fyzick\u00fdm osob\u00e1m, ktor\u00e9 dov\u0155\u0161ili d\u00f4chodkov\u00fd vek a s\u00fa odk\u00e1zan\u00e9 na pomoc inej fyzickej osoby pod\u013ea stup\u0148a odk\u00e1zanosti ur\u010den\u00e9ho platnou legislat\u00edvou. [&hellip;]<\/p>\n","protected":false},"author":1,"featured_media":0,"parent":0,"menu_order":0,"comment_status":"open","ping_status":"open","template":"","meta":{"footnotes":""},"_links":{"self":[{"href":"https:\/\/www.cedronsenior.sk\/index.php?rest_route=\/wp\/v2\/pages\/5802"}],"collection":[{"href":"https:\/\/www.cedronsenior.sk\/index.php?rest_route=\/wp\/v2\/pages"}],"about":[{"href":"https:\/\/www.cedronsenior.sk\/index.php?rest_route=\/wp\/v2\/types\/page"}],"author":[{"embeddable":true,"href":"https:\/\/www.cedronsenior.sk\/index.php?rest_route=\/wp\/v2\/users\/1"}],"replies":[{"embeddable":true,"href":"https:\/\/www.cedronsenior.sk\/index.php?rest_route=%2Fwp%2Fv2%2Fcomments&post=5802"}],"version-history":[{"count":21,"href":"https:\/\/www.cedronsenior.sk\/index.php?rest_route=\/wp\/v2\/pages\/5802\/revisions"}],"predecessor-version":[{"id":9687,"href":"https:\/\/www.cedronsenior.sk\/index.php?rest_route=\/wp\/v2\/pages\/5802\/revisions\/9687"}],"wp:attachment":[{"href":"https:\/\/www.cedronsenior.sk\/index.php?rest_route=%2Fwp%2Fv2%2Fmedia&parent=5802"}],"curies":[{"name":"wp","href":"https:\/\/api.w.org\/{rel}","templated":true}]}}