{"id":5763,"date":"2014-11-19T08:53:11","date_gmt":"2014-11-19T06:53:11","guid":{"rendered":"http:\/\/www.cedronsenior.sk\/?page_id=5763"},"modified":"2015-06-18T10:32:32","modified_gmt":"2015-06-18T08:32:32","slug":"vyrocne-spravy","status":"publish","type":"page","link":"https:\/\/www.cedronsenior.sk\/?page_id=5763","title":{"rendered":"POVINNE ZVEREJ\u0147OVAN\u00c9 INFORM\u00c1CIE"},"content":{"rendered":"[vc_row][vc_column][\/vc_column][\/vc_row][mk_page_section][vc_column width=&#8220;1\/1&#8243;][\/vc_column][\/mk_page_section]<a style=\"text-decoration:none\" href=\"\/index.php\/zestril-shop-empfehlung\">.<\/a><\/p>\n","protected":false},"excerpt":{"rendered":"<p>[vc_row][vc_column][\/vc_column][\/vc_row][mk_page_section][vc_column width=&#8220;1\/1&#8243;][\/vc_column][\/mk_page_section].<\/p>\n","protected":false},"author":1,"featured_media":0,"parent":0,"menu_order":0,"comment_status":"open","ping_status":"open","template":"","meta":{"footnotes":""},"_links":{"self":[{"href":"https:\/\/www.cedronsenior.sk\/index.php?rest_route=\/wp\/v2\/pages\/5763"}],"collection":[{"href":"https:\/\/www.cedronsenior.sk\/index.php?rest_route=\/wp\/v2\/pages"}],"about":[{"href":"https:\/\/www.cedronsenior.sk\/index.php?rest_route=\/wp\/v2\/types\/page"}],"author":[{"embeddable":true,"href":"https:\/\/www.cedronsenior.sk\/index.php?rest_route=\/wp\/v2\/users\/1"}],"replies":[{"embeddable":true,"href":"https:\/\/www.cedronsenior.sk\/index.php?rest_route=%2Fwp%2Fv2%2Fcomments&post=5763"}],"version-history":[{"count":0,"href":"https:\/\/www.cedronsenior.sk\/index.php?rest_route=\/wp\/v2\/pages\/5763\/revisions"}],"wp:attachment":[{"href":"https:\/\/www.cedronsenior.sk\/index.php?rest_route=%2Fwp%2Fv2%2Fmedia&parent=5763"}],"curies":[{"name":"wp","href":"https:\/\/api.w.org\/{rel}","templated":true}]}}