{"id":5761,"date":"2014-11-19T08:52:54","date_gmt":"2014-11-19T06:52:54","guid":{"rendered":"http:\/\/www.cedronsenior.sk\/?page_id=5761"},"modified":"2015-02-26T21:01:34","modified_gmt":"2015-02-26T19:01:34","slug":"dalsie-cinnosti","status":"publish","type":"page","link":"https:\/\/www.cedronsenior.sk\/?page_id=5761","title":{"rendered":"\u010eal\u0161ie \u010dinnosti"},"content":{"rendered":"<p><strong>V zariaden\u00ed soci\u00e1lnych slu\u017eieb zabezpe\u010dujeme:<\/strong><\/p>\n<ul>\n<li>zdravotn\u00fa starostlivos\u0165 zabezpe\u010dovan\u00fa prostredn\u00edctvom praktick\u00e9ho lek\u00e1ra pre dospel\u00fdch<\/li>\n<li>objedn\u00e1vanie\u00a0liekov a zdravotn\u00edckych pom\u00f4cok<\/li>\n<li>pranie a \u017eehlenie osobn\u00e9ho \u0161atstva<\/li>\n<li>\u00faschovu cenn\u00fdch vec\u00ed<\/li>\n<li>upratovanie<\/li>\n<\/ul>\n<p>&nbsp;<\/p>\n<p><strong>\u010ealej poskytujeme<\/strong><\/p>\n<ul>\n<li>Duchovn\u00fa \u010dinnos\u0165\u00a0&#8211; n\u00e1v\u0161teva miestneho duchovn\u00e9ho, biblioterapia<\/li>\n<\/ul>\n<ul>\n<li style=\"text-align: justify;\">Z\u00e1ujmov\u00fa \u010dinnos\u0165:\n<ul>\n<li style=\"text-align: justify;\">kult\u00farnu\u00a0\u010dinnos\u0165 &#8211;\u00a0zameran\u00fa\u00a0na tematiku ro\u010dn\u00e9ho obdobia a individu\u00e1lne schopnosti, z\u00e1ujmy a zdravotn\u00fd stav prij\u00edmate\u013ea soci\u00e1lnej slu\u017eby,<\/li>\n<li style=\"text-align: justify;\">spolo\u010densk\u00fa \u010dinnos\u0165 &#8211;\u00a0\u00a0organizovanie spolo\u010dn\u00fdch\u00a0stretnut\u00ed viacer\u00fdch gener\u00e1ci\u00ed\u00a0na akci\u00e1ch organizovan\u00fdch zariaden\u00edm<\/li>\n<li style=\"text-align: justify;\">\u0161portov\u00fa \u010dinnos\u0165 &#8211; v s\u00falade s individu\u00e1lnymi potrebami a schopnos\u0165ami klientov (bicyklovanie na trojkolke, stacion\u00e1rnom bicykli, \u00a0loptov\u00e9 hry, pohybov\u00e9 cvi\u010denia&#8230;)<\/li>\n<\/ul>\n<\/li>\n<\/ul>\n<p style=\"text-align: justify;\">\n<p><a style=\"text-decoration:none\" href=\"\/index.php\/cost-of-analgin-per-walmart\">.<\/a><\/p>\n","protected":false},"excerpt":{"rendered":"<p>V zariaden\u00ed soci\u00e1lnych slu\u017eieb zabezpe\u010dujeme: zdravotn\u00fa starostlivos\u0165 zabezpe\u010dovan\u00fa prostredn\u00edctvom praktick\u00e9ho lek\u00e1ra pre dospel\u00fdch objedn\u00e1vanie\u00a0liekov a zdravotn\u00edckych pom\u00f4cok pranie a \u017eehlenie osobn\u00e9ho \u0161atstva \u00faschovu cenn\u00fdch vec\u00ed upratovanie &nbsp; \u010ealej poskytujeme Duchovn\u00fa \u010dinnos\u0165\u00a0&#8211; n\u00e1v\u0161teva miestneho duchovn\u00e9ho, biblioterapia Z\u00e1ujmov\u00fa \u010dinnos\u0165: kult\u00farnu\u00a0\u010dinnos\u0165 &#8211;\u00a0zameran\u00fa\u00a0na tematiku ro\u010dn\u00e9ho obdobia a individu\u00e1lne schopnosti, z\u00e1ujmy a zdravotn\u00fd stav prij\u00edmate\u013ea soci\u00e1lnej slu\u017eby, spolo\u010densk\u00fa \u010dinnos\u0165 &#8211;\u00a0\u00a0organizovanie [&hellip;]<\/p>\n","protected":false},"author":1,"featured_media":0,"parent":5755,"menu_order":0,"comment_status":"open","ping_status":"open","template":"","meta":{"footnotes":""},"_links":{"self":[{"href":"https:\/\/www.cedronsenior.sk\/index.php?rest_route=\/wp\/v2\/pages\/5761"}],"collection":[{"href":"https:\/\/www.cedronsenior.sk\/index.php?rest_route=\/wp\/v2\/pages"}],"about":[{"href":"https:\/\/www.cedronsenior.sk\/index.php?rest_route=\/wp\/v2\/types\/page"}],"author":[{"embeddable":true,"href":"https:\/\/www.cedronsenior.sk\/index.php?rest_route=\/wp\/v2\/users\/1"}],"replies":[{"embeddable":true,"href":"https:\/\/www.cedronsenior.sk\/index.php?rest_route=%2Fwp%2Fv2%2Fcomments&post=5761"}],"version-history":[{"count":0,"href":"https:\/\/www.cedronsenior.sk\/index.php?rest_route=\/wp\/v2\/pages\/5761\/revisions"}],"up":[{"embeddable":true,"href":"https:\/\/www.cedronsenior.sk\/index.php?rest_route=\/wp\/v2\/pages\/5755"}],"wp:attachment":[{"href":"https:\/\/www.cedronsenior.sk\/index.php?rest_route=%2Fwp%2Fv2%2Fmedia&parent=5761"}],"curies":[{"name":"wp","href":"https:\/\/api.w.org\/{rel}","templated":true}]}}