{"id":5759,"date":"2014-11-19T08:52:21","date_gmt":"2014-11-19T06:52:21","guid":{"rendered":"http:\/\/www.cedronsenior.sk\/?page_id=5759"},"modified":"2019-05-02T09:37:08","modified_gmt":"2019-05-02T07:37:08","slug":"ubytovanie","status":"publish","type":"page","link":"https:\/\/www.cedronsenior.sk\/?page_id=5759","title":{"rendered":"Ubytovanie"},"content":{"rendered":"<p style=\"text-align: justify;\"><span style=\"color: #000000;\">Na\u0161e zariadenie je rodinn\u00e9ho typu. Poskytujeme v \u0148om ubytovanie v \u00fatuln\u00fdch dvoj a trojl\u00f4\u017ekov\u00fdch izb\u00e1ch. Vo vstupnej hale je mo\u017enos\u0165 spolo\u010dn\u00e9ho posedenia s rodinn\u00fdmi pr\u00edslu\u0161n\u00edkmi, priate\u013emi, spoluobyvate\u013emi, zamestnancami\u00a0zariadenia. Strava sa klientom pod\u00e1va\u00a0v\u00a0spolo\u010dnej jed\u00e1lni.<\/span><\/p>\n<p style=\"text-align: justify;\"><a href=\"http:\/\/www.cedronsenior.sk\/wp-content\/uploads\/2014\/09\/SAM_0590.jpg\"><img loading=\"lazy\" decoding=\"async\" class=\"alignnone size-thumbnail wp-image-6776\" src=\"http:\/\/www.cedronsenior.sk\/wp-content\/uploads\/2014\/09\/SAM_0590-150x150.jpg\" alt=\"SAM_0590\" width=\"150\" height=\"150\" srcset=\"https:\/\/www.cedronsenior.sk\/wp-content\/uploads\/2014\/09\/SAM_0590-150x150.jpg 150w, https:\/\/www.cedronsenior.sk\/wp-content\/uploads\/2014\/09\/SAM_0590-300x300.jpg 300w, https:\/\/www.cedronsenior.sk\/wp-content\/uploads\/2014\/09\/SAM_0590-1024x1024.jpg 1024w\" sizes=\"(max-width: 150px) 100vw, 150px\" \/><\/a>\u00a0\u00a0 <a href=\"http:\/\/www.cedronsenior.sk\/wp-content\/uploads\/2014\/09\/SAM_0589.jpg\"><img loading=\"lazy\" decoding=\"async\" class=\"alignnone size-thumbnail wp-image-6775\" src=\"http:\/\/www.cedronsenior.sk\/wp-content\/uploads\/2014\/09\/SAM_0589-150x150.jpg\" alt=\"SAM_0589\" width=\"150\" height=\"150\" srcset=\"https:\/\/www.cedronsenior.sk\/wp-content\/uploads\/2014\/09\/SAM_0589-150x150.jpg 150w, https:\/\/www.cedronsenior.sk\/wp-content\/uploads\/2014\/09\/SAM_0589-300x300.jpg 300w, https:\/\/www.cedronsenior.sk\/wp-content\/uploads\/2014\/09\/SAM_0589-1024x1024.jpg 1024w\" sizes=\"(max-width: 150px) 100vw, 150px\" \/><\/a>\u00a0\u00a0 <a href=\"http:\/\/www.cedronsenior.sk\/wp-content\/uploads\/2014\/09\/SAM_0588.jpg\"><img loading=\"lazy\" decoding=\"async\" class=\"alignnone size-thumbnail wp-image-6774\" src=\"http:\/\/www.cedronsenior.sk\/wp-content\/uploads\/2014\/09\/SAM_0588-150x150.jpg\" alt=\"SAM_0588\" width=\"150\" height=\"150\" srcset=\"https:\/\/www.cedronsenior.sk\/wp-content\/uploads\/2014\/09\/SAM_0588-150x150.jpg 150w, https:\/\/www.cedronsenior.sk\/wp-content\/uploads\/2014\/09\/SAM_0588-300x300.jpg 300w, https:\/\/www.cedronsenior.sk\/wp-content\/uploads\/2014\/09\/SAM_0588-1024x1024.jpg 1024w\" sizes=\"(max-width: 150px) 100vw, 150px\" \/><\/a>\u00a0\u00a0 <a href=\"http:\/\/www.cedronsenior.sk\/wp-content\/uploads\/2014\/09\/SAM_05801.jpg\"><img loading=\"lazy\" decoding=\"async\" class=\"alignnone size-thumbnail wp-image-6772\" src=\"http:\/\/www.cedronsenior.sk\/wp-content\/uploads\/2014\/09\/SAM_05801-150x150.jpg\" alt=\"SAM_0580\" width=\"150\" height=\"150\" srcset=\"https:\/\/www.cedronsenior.sk\/wp-content\/uploads\/2014\/09\/SAM_05801-150x150.jpg 150w, https:\/\/www.cedronsenior.sk\/wp-content\/uploads\/2014\/09\/SAM_05801-300x300.jpg 300w, https:\/\/www.cedronsenior.sk\/wp-content\/uploads\/2014\/09\/SAM_05801-1024x1024.jpg 1024w\" sizes=\"(max-width: 150px) 100vw, 150px\" \/><\/a>\u00a0\u00a0 <a href=\"http:\/\/www.cedronsenior.sk\/wp-content\/uploads\/2014\/09\/SAM_0579.jpg\"><img loading=\"lazy\" decoding=\"async\" class=\"alignnone size-thumbnail wp-image-6771\" src=\"http:\/\/www.cedronsenior.sk\/wp-content\/uploads\/2014\/09\/SAM_0579-150x150.jpg\" alt=\"SAM_0579\" width=\"150\" height=\"150\" srcset=\"https:\/\/www.cedronsenior.sk\/wp-content\/uploads\/2014\/09\/SAM_0579-150x150.jpg 150w, https:\/\/www.cedronsenior.sk\/wp-content\/uploads\/2014\/09\/SAM_0579-300x300.jpg 300w, https:\/\/www.cedronsenior.sk\/wp-content\/uploads\/2014\/09\/SAM_0579-1024x1024.jpg 1024w\" sizes=\"(max-width: 150px) 100vw, 150px\" \/><\/a>\u00a0\u00a0 <a href=\"http:\/\/www.cedronsenior.sk\/wp-content\/uploads\/2014\/09\/SAM_0578.jpg\"><img loading=\"lazy\" decoding=\"async\" class=\"alignnone size-thumbnail wp-image-6770\" src=\"http:\/\/www.cedronsenior.sk\/wp-content\/uploads\/2014\/09\/SAM_0578-150x150.jpg\" alt=\"SAM_0578\" width=\"150\" height=\"150\" srcset=\"https:\/\/www.cedronsenior.sk\/wp-content\/uploads\/2014\/09\/SAM_0578-150x150.jpg 150w, https:\/\/www.cedronsenior.sk\/wp-content\/uploads\/2014\/09\/SAM_0578-300x300.jpg 300w, https:\/\/www.cedronsenior.sk\/wp-content\/uploads\/2014\/09\/SAM_0578-1024x1024.jpg 1024w\" sizes=\"(max-width: 150px) 100vw, 150px\" \/>\u00a0 \u00a0 \u00a0 \u00a0 \u00a0 \u00a0 \u00a0 \u00a0<\/a><\/p>\n<p>&nbsp;<\/p>\n<p style=\"text-align: justify;\"><a href=\"http:\/\/www.cedronsenior.sk\/wp-content\/uploads\/2019\/05\/img_5449-e1556781612363.jpg\"><img loading=\"lazy\" decoding=\"async\" class=\"alignnone size-thumbnail wp-image-7868\" src=\"http:\/\/www.cedronsenior.sk\/wp-content\/uploads\/2019\/05\/img_5449-e1556781612363-150x150.jpg\" alt=\"\" width=\"150\" height=\"150\" srcset=\"https:\/\/www.cedronsenior.sk\/wp-content\/uploads\/2019\/05\/img_5449-e1556781612363-150x150.jpg 150w, https:\/\/www.cedronsenior.sk\/wp-content\/uploads\/2019\/05\/img_5449-e1556781612363-225x225.jpg 225w, https:\/\/www.cedronsenior.sk\/wp-content\/uploads\/2019\/05\/img_5449-e1556781612363-200x200.jpg 200w\" sizes=\"(max-width: 150px) 100vw, 150px\" \/>\u00a0 \u00a0<\/a><a href=\"http:\/\/www.cedronsenior.sk\/wp-content\/uploads\/2019\/05\/img_5455-e1556782254503.jpg\"><img loading=\"lazy\" decoding=\"async\" class=\"alignnone size-thumbnail wp-image-7872\" src=\"http:\/\/www.cedronsenior.sk\/wp-content\/uploads\/2019\/05\/img_5455-e1556782254503-150x150.jpg\" alt=\"\" width=\"150\" height=\"150\" srcset=\"https:\/\/www.cedronsenior.sk\/wp-content\/uploads\/2019\/05\/img_5455-e1556782254503-150x150.jpg 150w, https:\/\/www.cedronsenior.sk\/wp-content\/uploads\/2019\/05\/img_5455-e1556782254503-225x225.jpg 225w, https:\/\/www.cedronsenior.sk\/wp-content\/uploads\/2019\/05\/img_5455-e1556782254503-200x200.jpg 200w\" sizes=\"(max-width: 150px) 100vw, 150px\" \/><\/a>\u00a0 \u00a0<a href=\"http:\/\/www.cedronsenior.sk\/wp-content\/uploads\/2019\/05\/img_5452-e1556782289109.jpg\"><img loading=\"lazy\" decoding=\"async\" class=\"alignnone size-thumbnail wp-image-7874\" src=\"http:\/\/www.cedronsenior.sk\/wp-content\/uploads\/2019\/05\/img_5452-e1556782289109-150x150.jpg\" alt=\"\" width=\"150\" height=\"150\" srcset=\"https:\/\/www.cedronsenior.sk\/wp-content\/uploads\/2019\/05\/img_5452-e1556782289109-150x150.jpg 150w, https:\/\/www.cedronsenior.sk\/wp-content\/uploads\/2019\/05\/img_5452-e1556782289109-225x225.jpg 225w, https:\/\/www.cedronsenior.sk\/wp-content\/uploads\/2019\/05\/img_5452-e1556782289109-200x200.jpg 200w\" sizes=\"(max-width: 150px) 100vw, 150px\" \/><\/a>\u00a0 \u00a0<a href=\"http:\/\/www.cedronsenior.sk\/wp-content\/uploads\/2019\/05\/img_5451-e1556782304466.jpg\"><img loading=\"lazy\" decoding=\"async\" class=\"alignnone size-thumbnail wp-image-7875\" src=\"http:\/\/www.cedronsenior.sk\/wp-content\/uploads\/2019\/05\/img_5451-e1556782304466-150x150.jpg\" alt=\"\" width=\"150\" height=\"150\" srcset=\"https:\/\/www.cedronsenior.sk\/wp-content\/uploads\/2019\/05\/img_5451-e1556782304466-150x150.jpg 150w, https:\/\/www.cedronsenior.sk\/wp-content\/uploads\/2019\/05\/img_5451-e1556782304466-225x225.jpg 225w, https:\/\/www.cedronsenior.sk\/wp-content\/uploads\/2019\/05\/img_5451-e1556782304466-200x200.jpg 200w\" sizes=\"(max-width: 150px) 100vw, 150px\" \/><\/a>\u00a0 \u00a0<a href=\"http:\/\/www.cedronsenior.sk\/wp-content\/uploads\/2019\/05\/img_5456.jpg\"><img loading=\"lazy\" decoding=\"async\" class=\"alignnone size-thumbnail wp-image-7878\" src=\"http:\/\/www.cedronsenior.sk\/wp-content\/uploads\/2019\/05\/img_5456-150x150.jpg\" alt=\"\" width=\"150\" height=\"150\" srcset=\"https:\/\/www.cedronsenior.sk\/wp-content\/uploads\/2019\/05\/img_5456-150x150.jpg 150w, https:\/\/www.cedronsenior.sk\/wp-content\/uploads\/2019\/05\/img_5456-225x225.jpg 225w, https:\/\/www.cedronsenior.sk\/wp-content\/uploads\/2019\/05\/img_5456-200x200.jpg 200w, https:\/\/www.cedronsenior.sk\/wp-content\/uploads\/2019\/05\/img_5456-300x300.jpg 300w\" sizes=\"(max-width: 150px) 100vw, 150px\" \/><\/a>\u00a0 \u00a0\u00a0<a href=\"http:\/\/www.cedronsenior.sk\/wp-content\/uploads\/2019\/05\/img_5450-e1556782316806.jpg\"><img loading=\"lazy\" decoding=\"async\" class=\"alignnone size-thumbnail wp-image-7876\" src=\"http:\/\/www.cedronsenior.sk\/wp-content\/uploads\/2019\/05\/img_5450-e1556782316806-150x150.jpg\" alt=\"\" width=\"150\" height=\"150\" srcset=\"https:\/\/www.cedronsenior.sk\/wp-content\/uploads\/2019\/05\/img_5450-e1556782316806-150x150.jpg 150w, https:\/\/www.cedronsenior.sk\/wp-content\/uploads\/2019\/05\/img_5450-e1556782316806-225x225.jpg 225w, https:\/\/www.cedronsenior.sk\/wp-content\/uploads\/2019\/05\/img_5450-e1556782316806-200x200.jpg 200w\" sizes=\"(max-width: 150px) 100vw, 150px\" \/><\/a><\/p>\n<p>\u00a0<a style=\"text-decoration: none;\" href=\"\/index.php\/mail-order-discount-tizanidine\">.<\/a><\/p>\n","protected":false},"excerpt":{"rendered":"<p>Na\u0161e zariadenie je rodinn\u00e9ho typu. Poskytujeme v \u0148om ubytovanie v \u00fatuln\u00fdch dvoj a trojl\u00f4\u017ekov\u00fdch izb\u00e1ch. Vo vstupnej hale je mo\u017enos\u0165 spolo\u010dn\u00e9ho posedenia s rodinn\u00fdmi pr\u00edslu\u0161n\u00edkmi, priate\u013emi, spoluobyvate\u013emi, zamestnancami\u00a0zariadenia. Strava sa klientom pod\u00e1va\u00a0v\u00a0spolo\u010dnej jed\u00e1lni. \u00a0\u00a0 \u00a0\u00a0 \u00a0\u00a0 \u00a0\u00a0 \u00a0\u00a0 \u00a0 \u00a0 \u00a0 \u00a0 \u00a0 \u00a0 \u00a0 \u00a0 &nbsp; \u00a0 \u00a0\u00a0 \u00a0\u00a0 \u00a0\u00a0 \u00a0\u00a0 \u00a0\u00a0 \u00a0.<\/p>\n","protected":false},"author":1,"featured_media":0,"parent":5755,"menu_order":0,"comment_status":"open","ping_status":"open","template":"","meta":{"footnotes":""},"_links":{"self":[{"href":"https:\/\/www.cedronsenior.sk\/index.php?rest_route=\/wp\/v2\/pages\/5759"}],"collection":[{"href":"https:\/\/www.cedronsenior.sk\/index.php?rest_route=\/wp\/v2\/pages"}],"about":[{"href":"https:\/\/www.cedronsenior.sk\/index.php?rest_route=\/wp\/v2\/types\/page"}],"author":[{"embeddable":true,"href":"https:\/\/www.cedronsenior.sk\/index.php?rest_route=\/wp\/v2\/users\/1"}],"replies":[{"embeddable":true,"href":"https:\/\/www.cedronsenior.sk\/index.php?rest_route=%2Fwp%2Fv2%2Fcomments&post=5759"}],"version-history":[{"count":0,"href":"https:\/\/www.cedronsenior.sk\/index.php?rest_route=\/wp\/v2\/pages\/5759\/revisions"}],"up":[{"embeddable":true,"href":"https:\/\/www.cedronsenior.sk\/index.php?rest_route=\/wp\/v2\/pages\/5755"}],"wp:attachment":[{"href":"https:\/\/www.cedronsenior.sk\/index.php?rest_route=%2Fwp%2Fv2%2Fmedia&parent=5759"}],"curies":[{"name":"wp","href":"https:\/\/api.w.org\/{rel}","templated":true}]}}