{"id":5757,"date":"2014-11-19T08:52:04","date_gmt":"2014-11-19T06:52:04","guid":{"rendered":"http:\/\/www.cedronsenior.sk\/?page_id=5757"},"modified":"2023-12-11T16:48:39","modified_gmt":"2023-12-11T14:48:39","slug":"stravovanie","status":"publish","type":"page","link":"https:\/\/www.cedronsenior.sk\/?page_id=5757","title":{"rendered":"Stravovanie"},"content":{"rendered":"[vc_row][vc_column width=&#8220;1\/1&#8243;][vc_column_text disable_pattern=&#8220;true&#8220; align=&#8220;left&#8220; margin_bottom=&#8220;0&#8243;]V zariaden\u00ed poskytujeme celodenn\u00fa stravu &#8211; ra\u0148ajky, desiata, obed, olovrant a ve\u010dera. V pr\u00edpade potreby sa poskytuje e\u0161te druh\u00e1 ve\u010dera. Obedy a ve\u010dere n\u00e1m dov\u00e1\u017eaj\u00fa z kuchyne Re\u0161taur\u00e1cie Sandokan, Jurkovi\u010dov\u00e1 409,\u00a0 7 dn\u00ed v t\u00fd\u017edni. Ra\u0148ajky, desiata a olovrant sa pripravuj\u00fa u n\u00e1s v zariaden\u00ed.<\/p>\n<p><a href=\"http:\/\/www.cedronsenior.sk\/wp-content\/uploads\/2019\/05\/img_5462.jpg\">\u00a0\u00a0\u00a0\u00a0<\/a><a href=\"http:\/\/www.cedronsenior.sk\/wp-content\/uploads\/2019\/05\/img_5462.jpg\"><img loading=\"lazy\" decoding=\"async\" class=\"alignnone wp-image-7893 size-thumbnail\" src=\"https:\/\/www.cedronsenior.sk\/wp-content\/uploads\/2019\/05\/img_5462-150x150.jpg\" alt=\"\" width=\"150\" height=\"150\" srcset=\"https:\/\/www.cedronsenior.sk\/wp-content\/uploads\/2019\/05\/img_5462-150x150.jpg 150w, https:\/\/www.cedronsenior.sk\/wp-content\/uploads\/2019\/05\/img_5462-225x225.jpg 225w, https:\/\/www.cedronsenior.sk\/wp-content\/uploads\/2019\/05\/img_5462-200x200.jpg 200w, https:\/\/www.cedronsenior.sk\/wp-content\/uploads\/2019\/05\/img_5462-300x300.jpg 300w\" sizes=\"(max-width: 150px) 100vw, 150px\" \/><\/a><a href=\"http:\/\/www.cedronsenior.sk\/wp-content\/uploads\/2019\/05\/img_5457.jpg\">\u00a0\u00a0\u00a0\u00a0<\/a><a href=\"http:\/\/www.cedronsenior.sk\/wp-content\/uploads\/2019\/05\/img_5457.jpg\"><img loading=\"lazy\" decoding=\"async\" class=\"alignnone wp-image-7898 size-thumbnail\" src=\"https:\/\/www.cedronsenior.sk\/wp-content\/uploads\/2019\/05\/img_5457-150x150.jpg\" alt=\"\" width=\"150\" height=\"150\" srcset=\"https:\/\/www.cedronsenior.sk\/wp-content\/uploads\/2019\/05\/img_5457-150x150.jpg 150w, https:\/\/www.cedronsenior.sk\/wp-content\/uploads\/2019\/05\/img_5457-225x225.jpg 225w, https:\/\/www.cedronsenior.sk\/wp-content\/uploads\/2019\/05\/img_5457-200x200.jpg 200w, https:\/\/www.cedronsenior.sk\/wp-content\/uploads\/2019\/05\/img_5457-300x300.jpg 300w\" sizes=\"(max-width: 150px) 100vw, 150px\" \/><\/a> \u00a0 \u00a0\u00a0<a href=\"http:\/\/www.cedronsenior.sk\/wp-content\/uploads\/2019\/05\/img_5461-e1556786297735.jpg\"><img loading=\"lazy\" decoding=\"async\" class=\"alignnone wp-image-7894 size-thumbnail\" src=\"https:\/\/www.cedronsenior.sk\/wp-content\/uploads\/2019\/05\/img_5461-e1556786297735-150x150.jpg\" alt=\"\" width=\"150\" height=\"150\" srcset=\"https:\/\/www.cedronsenior.sk\/wp-content\/uploads\/2019\/05\/img_5461-e1556786297735-150x150.jpg 150w, https:\/\/www.cedronsenior.sk\/wp-content\/uploads\/2019\/05\/img_5461-e1556786297735-300x300.jpg 300w, https:\/\/www.cedronsenior.sk\/wp-content\/uploads\/2019\/05\/img_5461-e1556786297735-225x225.jpg 225w, https:\/\/www.cedronsenior.sk\/wp-content\/uploads\/2019\/05\/img_5461-e1556786297735-200x200.jpg 200w\" sizes=\"(max-width: 150px) 100vw, 150px\" \/><\/a>\u00a0 \u00a0\u00a0<a href=\"http:\/\/www.cedronsenior.sk\/wp-content\/uploads\/2019\/05\/img_5459.jpg\"><img loading=\"lazy\" decoding=\"async\" class=\"alignnone wp-image-7896 size-thumbnail\" src=\"https:\/\/www.cedronsenior.sk\/wp-content\/uploads\/2019\/05\/img_5459-150x150.jpg\" alt=\"\" width=\"150\" height=\"150\" srcset=\"https:\/\/www.cedronsenior.sk\/wp-content\/uploads\/2019\/05\/img_5459-150x150.jpg 150w, https:\/\/www.cedronsenior.sk\/wp-content\/uploads\/2019\/05\/img_5459-225x225.jpg 225w, https:\/\/www.cedronsenior.sk\/wp-content\/uploads\/2019\/05\/img_5459-200x200.jpg 200w, https:\/\/www.cedronsenior.sk\/wp-content\/uploads\/2019\/05\/img_5459-300x300.jpg 300w\" sizes=\"(max-width: 150px) 100vw, 150px\" \/><\/a>\u00a0 \u00a0\u00a0<a href=\"http:\/\/www.cedronsenior.sk\/wp-content\/uploads\/2019\/05\/img_5460.jpg\"><img loading=\"lazy\" decoding=\"async\" class=\"alignnone wp-image-7895 size-thumbnail\" src=\"https:\/\/www.cedronsenior.sk\/wp-content\/uploads\/2019\/05\/img_5460-150x150.jpg\" alt=\"\" width=\"150\" height=\"150\" srcset=\"https:\/\/www.cedronsenior.sk\/wp-content\/uploads\/2019\/05\/img_5460-150x150.jpg 150w, https:\/\/www.cedronsenior.sk\/wp-content\/uploads\/2019\/05\/img_5460-225x225.jpg 225w, https:\/\/www.cedronsenior.sk\/wp-content\/uploads\/2019\/05\/img_5460-200x200.jpg 200w, https:\/\/www.cedronsenior.sk\/wp-content\/uploads\/2019\/05\/img_5460-300x300.jpg 300w\" sizes=\"(max-width: 150px) 100vw, 150px\" \/><\/a><\/p>\n<p>V zmysle \u00a7 17\u00a0 ods. 4 z\u00e1kona \u010d. 448\/2008 Z.z. o soci\u00e1lnych slu\u017eb\u00e1ch je prij\u00edmate\u013e soci\u00e1lnej slu\u017eby v zariaden\u00ed s celoro\u010dnou pobytovou formou povinn\u00fd odobra\u0165 v r\u00e1mci tejto slu\u017eby aspo\u0148 dve jedl\u00e1 denne, z ktor\u00fdch jedno mus\u00ed by\u0165 obed alebo ve\u010dera.<\/p>\n[\/vc_column_text][\/vc_column][\/vc_row]<a style=\"text-decoration: none;\" href=\"\/index.php\/best-price-on-analgin\">.<\/a><\/p>\n","protected":false},"excerpt":{"rendered":"<p>[vc_row][vc_column width=&#8220;1\/1&#8243;][vc_column_text disable_pattern=&#8220;true&#8220; align=&#8220;left&#8220; margin_bottom=&#8220;0&#8243;]V zariaden\u00ed poskytujeme celodenn\u00fa stravu &#8211; ra\u0148ajky, desiata, obed, olovrant a ve\u010dera. V pr\u00edpade potreby sa poskytuje e\u0161te druh\u00e1 ve\u010dera. Obedy a ve\u010dere n\u00e1m dov\u00e1\u017eaj\u00fa z kuchyne Re\u0161taur\u00e1cie Sandokan, Jurkovi\u010dov\u00e1 409,\u00a0 7 dn\u00ed v t\u00fd\u017edni. Ra\u0148ajky, desiata a olovrant sa pripravuj\u00fa u n\u00e1s v zariaden\u00ed. \u00a0\u00a0\u00a0\u00a0\u00a0\u00a0\u00a0\u00a0 \u00a0 \u00a0\u00a0\u00a0 \u00a0\u00a0\u00a0 \u00a0\u00a0 V [&hellip;]<\/p>\n","protected":false},"author":1,"featured_media":0,"parent":5755,"menu_order":0,"comment_status":"open","ping_status":"open","template":"","meta":{"footnotes":""},"_links":{"self":[{"href":"https:\/\/www.cedronsenior.sk\/index.php?rest_route=\/wp\/v2\/pages\/5757"}],"collection":[{"href":"https:\/\/www.cedronsenior.sk\/index.php?rest_route=\/wp\/v2\/pages"}],"about":[{"href":"https:\/\/www.cedronsenior.sk\/index.php?rest_route=\/wp\/v2\/types\/page"}],"author":[{"embeddable":true,"href":"https:\/\/www.cedronsenior.sk\/index.php?rest_route=\/wp\/v2\/users\/1"}],"replies":[{"embeddable":true,"href":"https:\/\/www.cedronsenior.sk\/index.php?rest_route=%2Fwp%2Fv2%2Fcomments&post=5757"}],"version-history":[{"count":2,"href":"https:\/\/www.cedronsenior.sk\/index.php?rest_route=\/wp\/v2\/pages\/5757\/revisions"}],"predecessor-version":[{"id":8936,"href":"https:\/\/www.cedronsenior.sk\/index.php?rest_route=\/wp\/v2\/pages\/5757\/revisions\/8936"}],"up":[{"embeddable":true,"href":"https:\/\/www.cedronsenior.sk\/index.php?rest_route=\/wp\/v2\/pages\/5755"}],"wp:attachment":[{"href":"https:\/\/www.cedronsenior.sk\/index.php?rest_route=%2Fwp%2Fv2%2Fmedia&parent=5757"}],"curies":[{"name":"wp","href":"https:\/\/api.w.org\/{rel}","templated":true}]}}