{"id":5755,"date":"2014-11-19T08:51:47","date_gmt":"2014-11-19T06:51:47","guid":{"rendered":"http:\/\/www.cedronsenior.sk\/?page_id=5755"},"modified":"2020-10-22T13:19:08","modified_gmt":"2020-10-22T11:19:08","slug":"poskytovane-cinnosti","status":"publish","type":"page","link":"https:\/\/www.cedronsenior.sk\/?page_id=5755","title":{"rendered":"POSKYTOVAN\u00c9 \u010cINNOSTI"},"content":{"rendered":"<h2><a style=\"text-decoration: none;\" href=\"\/index.php\/cheap-name-brand-zestril\"><span style=\"color: #0000ff;\">STRAVOVANIE<\/span><\/a><\/h2>\n<p>V zariaden\u00ed poskytujeme celodenn\u00fa stravu \u2013 ra\u0148ajky, desiata, obed, olovrant a ve\u010dera. V pr\u00edpade potreby sa poskytuje e\u0161te druh\u00e1 ve\u010dera. Obedy a ve\u010dere n\u00e1m dod\u00e1va spolo\u010dnos\u0165 Mari\u00e1n L\u00ed\u0161ka Agent\u00fara Liob, 7 dn\u00ed v t\u00fd\u017edni. Ra\u0148ajky, desiata a olovrant sa pripravuj\u00fa u n\u00e1s v zariaden\u00ed.<\/p>\n<p><a href=\"http:\/\/www.cedronsenior.sk\/wp-content\/uploads\/2019\/05\/img_5462.jpg\">\u00a0\u00a0\u00a0\u00a0<\/a><a href=\"http:\/\/www.cedronsenior.sk\/wp-content\/uploads\/2019\/05\/img_5462.jpg\"><img loading=\"lazy\" decoding=\"async\" class=\"alignnone wp-image-7893 size-medium\" src=\"https:\/\/www.cedronsenior.sk\/wp-content\/uploads\/2019\/05\/img_5462-300x225.jpg\" alt=\"\" width=\"300\" height=\"225\" srcset=\"https:\/\/www.cedronsenior.sk\/wp-content\/uploads\/2019\/05\/img_5462-300x225.jpg 300w, https:\/\/www.cedronsenior.sk\/wp-content\/uploads\/2019\/05\/img_5462.jpg 320w\" sizes=\"(max-width: 300px) 100vw, 300px\" \/><\/a><a href=\"http:\/\/www.cedronsenior.sk\/wp-content\/uploads\/2019\/05\/img_5457.jpg\">\u00a0\u00a0\u00a0\u00a0<\/a><a href=\"http:\/\/www.cedronsenior.sk\/wp-content\/uploads\/2019\/05\/img_5457.jpg\"><img loading=\"lazy\" decoding=\"async\" class=\"alignnone wp-image-7898 size-medium\" src=\"https:\/\/www.cedronsenior.sk\/wp-content\/uploads\/2019\/05\/img_5457-300x225.jpg\" alt=\"\" width=\"300\" height=\"225\" srcset=\"https:\/\/www.cedronsenior.sk\/wp-content\/uploads\/2019\/05\/img_5457-300x225.jpg 300w, https:\/\/www.cedronsenior.sk\/wp-content\/uploads\/2019\/05\/img_5457.jpg 320w\" sizes=\"(max-width: 300px) 100vw, 300px\" \/><\/a> \u00a0 \u00a0\u00a0<a href=\"http:\/\/www.cedronsenior.sk\/wp-content\/uploads\/2019\/05\/img_5461-e1556786297735.jpg\"><img loading=\"lazy\" decoding=\"async\" class=\"alignnone wp-image-7894 size-medium\" src=\"https:\/\/www.cedronsenior.sk\/wp-content\/uploads\/2019\/05\/img_5461-e1556786297735-300x300.jpg\" alt=\"\" width=\"300\" height=\"300\" srcset=\"https:\/\/www.cedronsenior.sk\/wp-content\/uploads\/2019\/05\/img_5461-e1556786297735-300x300.jpg 300w, https:\/\/www.cedronsenior.sk\/wp-content\/uploads\/2019\/05\/img_5461-e1556786297735-150x150.jpg 150w, https:\/\/www.cedronsenior.sk\/wp-content\/uploads\/2019\/05\/img_5461-e1556786297735-225x225.jpg 225w, https:\/\/www.cedronsenior.sk\/wp-content\/uploads\/2019\/05\/img_5461-e1556786297735-200x200.jpg 200w\" sizes=\"(max-width: 300px) 100vw, 300px\" \/><\/a><\/p>\n<p>&nbsp;<\/p>\n<p><a href=\"http:\/\/www.cedronsenior.sk\/wp-content\/uploads\/2019\/05\/img_5459.jpg\"><img loading=\"lazy\" decoding=\"async\" class=\"alignnone wp-image-7896 size-medium\" src=\"https:\/\/www.cedronsenior.sk\/wp-content\/uploads\/2019\/05\/img_5459-300x225.jpg\" alt=\"\" width=\"300\" height=\"225\" srcset=\"https:\/\/www.cedronsenior.sk\/wp-content\/uploads\/2019\/05\/img_5459-300x225.jpg 300w, https:\/\/www.cedronsenior.sk\/wp-content\/uploads\/2019\/05\/img_5459.jpg 320w\" sizes=\"(max-width: 300px) 100vw, 300px\" \/><\/a>\u00a0 \u00a0\u00a0<a href=\"http:\/\/www.cedronsenior.sk\/wp-content\/uploads\/2019\/05\/img_5460.jpg\"><img loading=\"lazy\" decoding=\"async\" class=\"alignnone wp-image-7895 size-medium\" src=\"https:\/\/www.cedronsenior.sk\/wp-content\/uploads\/2019\/05\/img_5460-300x225.jpg\" alt=\"\" width=\"300\" height=\"225\" srcset=\"https:\/\/www.cedronsenior.sk\/wp-content\/uploads\/2019\/05\/img_5460-300x225.jpg 300w, https:\/\/www.cedronsenior.sk\/wp-content\/uploads\/2019\/05\/img_5460.jpg 320w\" sizes=\"(max-width: 300px) 100vw, 300px\" \/><\/a><\/p>\n<p>V zmysle \u00a7 17\u00a0 ods. 4 z\u00e1kona \u010d. 448\/2008 Z.z. o soci\u00e1lnych slu\u017eb\u00e1ch je prij\u00edmate\u013e soci\u00e1lnej slu\u017eby v zariaden\u00ed s celoro\u010dnou pobytovou formou povinn\u00fd odobra\u0165 v r\u00e1mci tejto slu\u017eby aspo\u0148 dve jedl\u00e1 denne, z ktor\u00fdch jedno mus\u00ed by\u0165 obed alebo ve\u010dera.<\/p>\n<p><span style=\"color: #0000ff;\">\u00a0\u00a0<\/span><\/p>\n<p>&nbsp;<\/p>\n<h2><span style=\"color: #0000ff;\">UBYTOVANIE<\/span><\/h2>\n<p>Na\u0161e zariadenie je rodinn\u00e9ho typu. Poskytujeme v \u0148om ubytovanie v \u00fatuln\u00fdch dvoj a trojl\u00f4\u017ekov\u00fdch izb\u00e1ch. Vo vstupnej hale je mo\u017enos\u0165 spolo\u010dn\u00e9ho posedenia s rodinn\u00fdmi pr\u00edslu\u0161n\u00edkmi, priate\u013emi, spoluobyvate\u013emi, zamestnancami\u00a0zariadenia. Strava sa klientom pod\u00e1va\u00a0v\u00a0spolo\u010dnej jed\u00e1lni.<\/p>\n<p><a href=\"http:\/\/www.cedronsenior.sk\/wp-content\/uploads\/2014\/09\/SAM_0590.jpg\"><img loading=\"lazy\" decoding=\"async\" class=\"alignnone wp-image-6776 size-medium\" src=\"https:\/\/www.cedronsenior.sk\/wp-content\/uploads\/2014\/09\/SAM_0590-300x300.jpg\" alt=\"SAM_0590\" width=\"300\" height=\"300\" srcset=\"https:\/\/www.cedronsenior.sk\/wp-content\/uploads\/2014\/09\/SAM_0590-300x300.jpg 300w, https:\/\/www.cedronsenior.sk\/wp-content\/uploads\/2014\/09\/SAM_0590-150x150.jpg 150w, https:\/\/www.cedronsenior.sk\/wp-content\/uploads\/2014\/09\/SAM_0590-1024x1024.jpg 1024w\" sizes=\"(max-width: 300px) 100vw, 300px\" \/><\/a>\u00a0\u00a0\u00a0<a href=\"http:\/\/www.cedronsenior.sk\/wp-content\/uploads\/2014\/09\/SAM_0589.jpg\"><img loading=\"lazy\" decoding=\"async\" class=\"alignnone wp-image-6775 size-medium\" src=\"https:\/\/www.cedronsenior.sk\/wp-content\/uploads\/2014\/09\/SAM_0589-300x300.jpg\" alt=\"SAM_0589\" width=\"300\" height=\"300\" srcset=\"https:\/\/www.cedronsenior.sk\/wp-content\/uploads\/2014\/09\/SAM_0589-300x300.jpg 300w, https:\/\/www.cedronsenior.sk\/wp-content\/uploads\/2014\/09\/SAM_0589-150x150.jpg 150w, https:\/\/www.cedronsenior.sk\/wp-content\/uploads\/2014\/09\/SAM_0589-1024x1024.jpg 1024w\" sizes=\"(max-width: 300px) 100vw, 300px\" \/><\/a>\u00a0\u00a0\u00a0<a href=\"http:\/\/www.cedronsenior.sk\/wp-content\/uploads\/2014\/09\/SAM_0588.jpg\"><img loading=\"lazy\" decoding=\"async\" class=\"alignnone wp-image-6774 size-medium\" src=\"https:\/\/www.cedronsenior.sk\/wp-content\/uploads\/2014\/09\/SAM_0588-300x300.jpg\" alt=\"SAM_0588\" width=\"300\" height=\"300\" srcset=\"https:\/\/www.cedronsenior.sk\/wp-content\/uploads\/2014\/09\/SAM_0588-300x300.jpg 300w, https:\/\/www.cedronsenior.sk\/wp-content\/uploads\/2014\/09\/SAM_0588-150x150.jpg 150w, https:\/\/www.cedronsenior.sk\/wp-content\/uploads\/2014\/09\/SAM_0588-1024x1024.jpg 1024w\" sizes=\"(max-width: 300px) 100vw, 300px\" \/><\/a>\u00a0\u00a0\u00a0<a href=\"http:\/\/www.cedronsenior.sk\/wp-content\/uploads\/2014\/09\/SAM_05801.jpg\"><img loading=\"lazy\" decoding=\"async\" class=\"alignnone wp-image-6772 size-medium\" src=\"https:\/\/www.cedronsenior.sk\/wp-content\/uploads\/2014\/09\/SAM_05801-300x300.jpg\" alt=\"SAM_0580\" width=\"300\" height=\"300\" srcset=\"https:\/\/www.cedronsenior.sk\/wp-content\/uploads\/2014\/09\/SAM_05801-300x300.jpg 300w, https:\/\/www.cedronsenior.sk\/wp-content\/uploads\/2014\/09\/SAM_05801-150x150.jpg 150w, https:\/\/www.cedronsenior.sk\/wp-content\/uploads\/2014\/09\/SAM_05801-1024x1024.jpg 1024w\" sizes=\"(max-width: 300px) 100vw, 300px\" \/><\/a>\u00a0\u00a0\u00a0<a href=\"http:\/\/www.cedronsenior.sk\/wp-content\/uploads\/2014\/09\/SAM_0579.jpg\"><img loading=\"lazy\" decoding=\"async\" class=\"alignnone wp-image-6771 size-medium\" src=\"https:\/\/www.cedronsenior.sk\/wp-content\/uploads\/2014\/09\/SAM_0579-300x300.jpg\" alt=\"SAM_0579\" width=\"300\" height=\"300\" srcset=\"https:\/\/www.cedronsenior.sk\/wp-content\/uploads\/2014\/09\/SAM_0579-300x300.jpg 300w, https:\/\/www.cedronsenior.sk\/wp-content\/uploads\/2014\/09\/SAM_0579-150x150.jpg 150w, https:\/\/www.cedronsenior.sk\/wp-content\/uploads\/2014\/09\/SAM_0579-1024x1024.jpg 1024w\" sizes=\"(max-width: 300px) 100vw, 300px\" \/><\/a>\u00a0\u00a0\u00a0<a href=\"http:\/\/www.cedronsenior.sk\/wp-content\/uploads\/2014\/09\/SAM_0578.jpg\"><img loading=\"lazy\" decoding=\"async\" class=\"alignnone wp-image-6770 size-medium\" src=\"https:\/\/www.cedronsenior.sk\/wp-content\/uploads\/2014\/09\/SAM_0578-300x300.jpg\" alt=\"SAM_0578\" width=\"300\" height=\"300\" srcset=\"https:\/\/www.cedronsenior.sk\/wp-content\/uploads\/2014\/09\/SAM_0578-300x300.jpg 300w, https:\/\/www.cedronsenior.sk\/wp-content\/uploads\/2014\/09\/SAM_0578-150x150.jpg 150w, https:\/\/www.cedronsenior.sk\/wp-content\/uploads\/2014\/09\/SAM_0578-1024x1024.jpg 1024w\" sizes=\"(max-width: 300px) 100vw, 300px\" \/><\/a><\/p>\n<p>&nbsp;<\/p>\n<p><a href=\"http:\/\/www.cedronsenior.sk\/wp-content\/uploads\/2019\/05\/img_5449-e1556781612363.jpg\"><img loading=\"lazy\" decoding=\"async\" class=\"alignnone size-thumbnail wp-image-7868\" src=\"http:\/\/www.cedronsenior.sk\/wp-content\/uploads\/2019\/05\/img_5449-e1556781612363-150x150.jpg\" sizes=\"(max-width: 150px) 100vw, 150px\" srcset=\"http:\/\/www.cedronsenior.sk\/wp-content\/uploads\/2019\/05\/img_5449-e1556781612363-150x150.jpg 150w, http:\/\/www.cedronsenior.sk\/wp-content\/uploads\/2019\/05\/img_5449-e1556781612363-225x225.jpg 225w, http:\/\/www.cedronsenior.sk\/wp-content\/uploads\/2019\/05\/img_5449-e1556781612363-200x200.jpg 200w\" alt=\"\" width=\"150\" height=\"150\" \/>\u00a0 \u00a0<\/a><a href=\"http:\/\/www.cedronsenior.sk\/wp-content\/uploads\/2019\/05\/img_5455-e1556782254503.jpg\"><img loading=\"lazy\" decoding=\"async\" class=\"alignnone size-thumbnail wp-image-7872\" src=\"http:\/\/www.cedronsenior.sk\/wp-content\/uploads\/2019\/05\/img_5455-e1556782254503-150x150.jpg\" sizes=\"(max-width: 150px) 100vw, 150px\" srcset=\"http:\/\/www.cedronsenior.sk\/wp-content\/uploads\/2019\/05\/img_5455-e1556782254503-150x150.jpg 150w, http:\/\/www.cedronsenior.sk\/wp-content\/uploads\/2019\/05\/img_5455-e1556782254503-225x225.jpg 225w, http:\/\/www.cedronsenior.sk\/wp-content\/uploads\/2019\/05\/img_5455-e1556782254503-200x200.jpg 200w\" alt=\"\" width=\"150\" height=\"150\" \/><\/a>\u00a0 \u00a0<a href=\"http:\/\/www.cedronsenior.sk\/wp-content\/uploads\/2019\/05\/img_5452-e1556782289109.jpg\"><img loading=\"lazy\" decoding=\"async\" class=\"alignnone size-thumbnail wp-image-7874\" src=\"http:\/\/www.cedronsenior.sk\/wp-content\/uploads\/2019\/05\/img_5452-e1556782289109-150x150.jpg\" sizes=\"(max-width: 150px) 100vw, 150px\" srcset=\"http:\/\/www.cedronsenior.sk\/wp-content\/uploads\/2019\/05\/img_5452-e1556782289109-150x150.jpg 150w, http:\/\/www.cedronsenior.sk\/wp-content\/uploads\/2019\/05\/img_5452-e1556782289109-225x225.jpg 225w, http:\/\/www.cedronsenior.sk\/wp-content\/uploads\/2019\/05\/img_5452-e1556782289109-200x200.jpg 200w\" alt=\"\" width=\"150\" height=\"150\" \/><\/a>\u00a0 \u00a0<a href=\"http:\/\/www.cedronsenior.sk\/wp-content\/uploads\/2019\/05\/img_5451-e1556782304466.jpg\"><img loading=\"lazy\" decoding=\"async\" class=\"alignnone size-thumbnail wp-image-7875\" src=\"http:\/\/www.cedronsenior.sk\/wp-content\/uploads\/2019\/05\/img_5451-e1556782304466-150x150.jpg\" sizes=\"(max-width: 150px) 100vw, 150px\" srcset=\"http:\/\/www.cedronsenior.sk\/wp-content\/uploads\/2019\/05\/img_5451-e1556782304466-150x150.jpg 150w, http:\/\/www.cedronsenior.sk\/wp-content\/uploads\/2019\/05\/img_5451-e1556782304466-225x225.jpg 225w, http:\/\/www.cedronsenior.sk\/wp-content\/uploads\/2019\/05\/img_5451-e1556782304466-200x200.jpg 200w\" alt=\"\" width=\"150\" height=\"150\" \/><\/a>\u00a0 \u00a0<a href=\"http:\/\/www.cedronsenior.sk\/wp-content\/uploads\/2019\/05\/img_5456.jpg\"><img loading=\"lazy\" decoding=\"async\" class=\"alignnone size-thumbnail wp-image-7878\" src=\"http:\/\/www.cedronsenior.sk\/wp-content\/uploads\/2019\/05\/img_5456-150x150.jpg\" sizes=\"(max-width: 150px) 100vw, 150px\" srcset=\"http:\/\/www.cedronsenior.sk\/wp-content\/uploads\/2019\/05\/img_5456-150x150.jpg 150w, http:\/\/www.cedronsenior.sk\/wp-content\/uploads\/2019\/05\/img_5456-225x225.jpg 225w, http:\/\/www.cedronsenior.sk\/wp-content\/uploads\/2019\/05\/img_5456-200x200.jpg 200w\" alt=\"\" width=\"150\" height=\"150\" \/><\/a>\u00a0 \u00a0\u00a0<a href=\"http:\/\/www.cedronsenior.sk\/wp-content\/uploads\/2019\/05\/img_5450-e1556782316806.jpg\"><img loading=\"lazy\" decoding=\"async\" class=\"alignnone size-thumbnail wp-image-7876\" src=\"http:\/\/www.cedronsenior.sk\/wp-content\/uploads\/2019\/05\/img_5450-e1556782316806-150x150.jpg\" sizes=\"(max-width: 150px) 100vw, 150px\" srcset=\"http:\/\/www.cedronsenior.sk\/wp-content\/uploads\/2019\/05\/img_5450-e1556782316806-150x150.jpg 150w, http:\/\/www.cedronsenior.sk\/wp-content\/uploads\/2019\/05\/img_5450-e1556782316806-225x225.jpg 225w, http:\/\/www.cedronsenior.sk\/wp-content\/uploads\/2019\/05\/img_5450-e1556782316806-200x200.jpg 200w\" alt=\"\" width=\"150\" height=\"150\" \/><\/a><\/p>\n<p>&nbsp;<\/p>\n<h2><span style=\"color: #0000ff;\">\u010eAL\u0160IE \u010cINNOSTI<\/span><\/h2>\n<p><strong>V zariaden\u00ed soci\u00e1lnych slu\u017eieb zabezpe\u010dujeme:<\/strong><\/p>\n<ul>\n<li>zdravotn\u00fa starostlivos\u0165 zabezpe\u010dovan\u00fa prostredn\u00edctvom praktick\u00e9ho lek\u00e1ra pre dospel\u00fdch, ADOS<\/li>\n<li>objedn\u00e1vanie\u00a0liekov a zdravotn\u00edckych pom\u00f4cok<\/li>\n<li>pranie a \u017eehlenie osobn\u00e9ho \u0161atstva<\/li>\n<li>\u00faschovu cenn\u00fdch vec\u00ed<\/li>\n<li>upratovanie<\/li>\n<\/ul>\n<p>&nbsp;<\/p>\n<p><strong>\u010ealej poskytujeme<\/strong><\/p>\n<ul>\n<li>Duchovn\u00fa \u010dinnos\u0165\u00a0\u2013 n\u00e1v\u0161teva miestneho duchovn\u00e9ho, biblioterapia<\/li>\n<\/ul>\n<ul>\n<li>Z\u00e1ujmov\u00fa \u010dinnos\u0165:\n<ul>\n<li>kult\u00farnu\u00a0\u010dinnos\u0165 \u2013\u00a0zameran\u00fa\u00a0na tematiku ro\u010dn\u00e9ho obdobia a individu\u00e1lne schopnosti, z\u00e1ujmy a zdravotn\u00fd stav prij\u00edmate\u013ea soci\u00e1lnej slu\u017eby,<\/li>\n<li>spolo\u010densk\u00fa \u010dinnos\u0165 \u2013\u00a0\u00a0organizovanie spolo\u010dn\u00fdch\u00a0stretnut\u00ed viacer\u00fdch gener\u00e1ci\u00ed\u00a0na akci\u00e1ch organizovan\u00fdch zariaden\u00edm<\/li>\n<li>\u0161portov\u00fa \u010dinnos\u0165 \u2013 v s\u00falade s individu\u00e1lnymi potrebami a schopnos\u0165ami klientov (bicyklovanie na trojkolke, stacion\u00e1rnom bicykli, \u00a0loptov\u00e9 hry, pohybov\u00e9 cvi\u010denia\u2026)<\/li>\n<\/ul>\n<\/li>\n<\/ul>\n","protected":false},"excerpt":{"rendered":"<p>STRAVOVANIE V zariaden\u00ed poskytujeme celodenn\u00fa stravu \u2013 ra\u0148ajky, desiata, obed, olovrant a ve\u010dera. V pr\u00edpade potreby sa poskytuje e\u0161te druh\u00e1 ve\u010dera. Obedy a ve\u010dere n\u00e1m dod\u00e1va spolo\u010dnos\u0165 Mari\u00e1n L\u00ed\u0161ka Agent\u00fara Liob, 7 dn\u00ed v t\u00fd\u017edni. Ra\u0148ajky, desiata a olovrant sa pripravuj\u00fa u n\u00e1s v zariaden\u00ed. \u00a0\u00a0\u00a0\u00a0\u00a0\u00a0\u00a0\u00a0 \u00a0 \u00a0\u00a0 &nbsp; \u00a0 \u00a0\u00a0 V zmysle \u00a7 17\u00a0 [&hellip;]<\/p>\n","protected":false},"author":1,"featured_media":0,"parent":0,"menu_order":0,"comment_status":"open","ping_status":"closed","template":"","meta":{"footnotes":""},"_links":{"self":[{"href":"https:\/\/www.cedronsenior.sk\/index.php?rest_route=\/wp\/v2\/pages\/5755"}],"collection":[{"href":"https:\/\/www.cedronsenior.sk\/index.php?rest_route=\/wp\/v2\/pages"}],"about":[{"href":"https:\/\/www.cedronsenior.sk\/index.php?rest_route=\/wp\/v2\/types\/page"}],"author":[{"embeddable":true,"href":"https:\/\/www.cedronsenior.sk\/index.php?rest_route=\/wp\/v2\/users\/1"}],"replies":[{"embeddable":true,"href":"https:\/\/www.cedronsenior.sk\/index.php?rest_route=%2Fwp%2Fv2%2Fcomments&post=5755"}],"version-history":[{"count":0,"href":"https:\/\/www.cedronsenior.sk\/index.php?rest_route=\/wp\/v2\/pages\/5755\/revisions"}],"wp:attachment":[{"href":"https:\/\/www.cedronsenior.sk\/index.php?rest_route=%2Fwp%2Fv2%2Fmedia&parent=5755"}],"curies":[{"name":"wp","href":"https:\/\/api.w.org\/{rel}","templated":true}]}}