{"id":5751,"date":"2014-11-19T08:50:45","date_gmt":"2014-11-19T06:50:45","guid":{"rendered":"http:\/\/www.cedronsenior.sk\/?page_id=5751"},"modified":"2026-02-11T20:33:02","modified_gmt":"2026-02-11T18:33:02","slug":"cennik-poskytovanych-socialnych-sluzieb","status":"publish","type":"page","link":"https:\/\/www.cedronsenior.sk\/?page_id=5751","title":{"rendered":"Cenn\u00edk soci\u00e1lnych slu\u017eieb"},"content":{"rendered":"<p><strong><a href=\"https:\/\/www.cedronsenior.sk\/wp-content\/uploads\/2026\/02\/cennik-uhrad-platny-od-1.2.2026-racionalna-strava.pdf\">CENN\u00cdK \u00daHRAD PLATN\u00dd od 1.2.2026 RACION\u00c1LNA STRAVA<\/a><\/strong><\/p>\n<p>&nbsp;<\/p>\n<p><strong><a href=\"https:\/\/www.cedronsenior.sk\/wp-content\/uploads\/2026\/02\/cennik-uhrad-platny-od-1.2.2026-diabeticka-strava.pdf\">CENN\u00cdK \u00daHRAD PLATN\u00dd od 1.2.2026\u00a0 DIABETICK\u00c1 STRAVA<\/a><\/strong><\/p>\n<p>&nbsp;<\/p>\n<p>&nbsp;<\/p>\n<p>&nbsp;<\/p>\n","protected":false},"excerpt":{"rendered":"<p>CENN\u00cdK \u00daHRAD PLATN\u00dd od 1.2.2026 RACION\u00c1LNA STRAVA &nbsp; CENN\u00cdK \u00daHRAD PLATN\u00dd od 1.2.2026\u00a0 DIABETICK\u00c1 STRAVA &nbsp; &nbsp; &nbsp;<\/p>\n","protected":false},"author":1,"featured_media":0,"parent":5745,"menu_order":0,"comment_status":"open","ping_status":"open","template":"","meta":{"footnotes":""},"_links":{"self":[{"href":"https:\/\/www.cedronsenior.sk\/index.php?rest_route=\/wp\/v2\/pages\/5751"}],"collection":[{"href":"https:\/\/www.cedronsenior.sk\/index.php?rest_route=\/wp\/v2\/pages"}],"about":[{"href":"https:\/\/www.cedronsenior.sk\/index.php?rest_route=\/wp\/v2\/types\/page"}],"author":[{"embeddable":true,"href":"https:\/\/www.cedronsenior.sk\/index.php?rest_route=\/wp\/v2\/users\/1"}],"replies":[{"embeddable":true,"href":"https:\/\/www.cedronsenior.sk\/index.php?rest_route=%2Fwp%2Fv2%2Fcomments&post=5751"}],"version-history":[{"count":24,"href":"https:\/\/www.cedronsenior.sk\/index.php?rest_route=\/wp\/v2\/pages\/5751\/revisions"}],"predecessor-version":[{"id":9820,"href":"https:\/\/www.cedronsenior.sk\/index.php?rest_route=\/wp\/v2\/pages\/5751\/revisions\/9820"}],"up":[{"embeddable":true,"href":"https:\/\/www.cedronsenior.sk\/index.php?rest_route=\/wp\/v2\/pages\/5745"}],"wp:attachment":[{"href":"https:\/\/www.cedronsenior.sk\/index.php?rest_route=%2Fwp%2Fv2%2Fmedia&parent=5751"}],"curies":[{"name":"wp","href":"https:\/\/api.w.org\/{rel}","templated":true}]}}