{"id":5749,"date":"2014-11-19T08:50:13","date_gmt":"2014-11-19T06:50:13","guid":{"rendered":"http:\/\/www.cedronsenior.sk\/?page_id=5749"},"modified":"2025-10-28T15:43:32","modified_gmt":"2025-10-28T13:43:32","slug":"specializovane-zariadenie","status":"publish","type":"page","link":"https:\/\/www.cedronsenior.sk\/?page_id=5749","title":{"rendered":"Podmienky prijatia"},"content":{"rendered":"<h2 style=\"text-align: justify;\"><span style=\"text-decoration: underline;\">POSTUP PRI PODAN\u00cd \u017dIADOSTI O UZATVORENIE ZMLUVY O POSKYTOVAN\u00cd SOCI\u00c1LNEJ SLU\u017dBY V ZARIADEN\u00cd<\/span><\/h2>\n<p><strong>Prv\u00fdm krokom je podanie <a href=\"https:\/\/www.employment.gov.sk\/files\/sk\/rodina-socialna-pomoc\/tazke-zdravotne-postihnutie\/cesta-klienta\/podanie-ziadosti-ip\/ziadost-ip.pdf\">\u017diadosti o integrovan\u00fd posudok\u00a0 <\/a><\/strong>na pr\u00edslu\u0161nom \u00darade pr\u00e1ce, soci\u00e1lnych vec\u00ed a rodiny pod\u013ea miesta trval\u00e9ho bydliska.<br \/>\nK \u017eiadosti je potrebn\u00e9 prilo\u017ei\u0165<strong>\u00a0<a href=\"https:\/\/www.employment.gov.sk\/files\/sk\/rodina-socialna-pomoc\/tazke-zdravotne-postihnutie\/cesta-klienta\/12-otazkovy-sebahodnotiaci-whodas\/2b-sebahodnotiaci-dotaznik-osoby-nad-15-rokov.pdf\">Sebahodnotiac\u00ed dotazn\u00edk<\/a><\/strong><\/p>\n<p>Posudzovanie prebieha v dvoch etap\u00e1ch:<\/p>\n<ol>\n<li><strong>Soci\u00e1lna posudkov\u00e1 \u010dinnos\u0165<\/strong> \u2013 vykon\u00e1va sa ako prv\u00e1. Zameriava sa na pos\u00fadenie soci\u00e1lnej situ\u00e1cie osoby a jej potrieb v dom\u00e1com a soci\u00e1lnom prostred\u00ed. Vych\u00e1dza sa pritom z <strong><a href=\"https:\/\/static.slov-lex.sk\/pdf\/prilohy\/SK\/ZZ\/2025\/51\/20250901_5720296-2.pdf\">Dotazn\u00edka k soci\u00e1lnej posudkovej \u010dinnosti<\/a><\/strong><\/li>\n<li><strong>Lek\u00e1rska posudkov\u00e1 \u010dinnos\u0165<\/strong> \u2013 nasleduje po soci\u00e1lnom pos\u00faden\u00ed. Posudkov\u00fd lek\u00e1r pos\u00fadi zdravotn\u00fd stav osoby a funk\u010dn\u00e9 d\u00f4sledky jej zdravotn\u00e9ho postihnutia.<\/li>\n<\/ol>\n<p><strong>V\u00fdsledkom oboch posudkov\u00fdch \u010dinnost\u00ed je integrovan\u00fd posudok<\/strong>, ktor\u00fd sl\u00fa\u017ei na uplatnenie n\u00e1rokov v t\u00fdchto oblastiach:<\/p>\n<ul>\n<li>poskytovanie soci\u00e1lnych slu\u017eieb,<\/li>\n<li>pe\u0148a\u017en\u00e9 pr\u00edspevky na kompenz\u00e1ciu soci\u00e1lnych d\u00f4sledkov \u0165a\u017ek\u00e9ho zdravotn\u00e9ho postihnutia,<\/li>\n<li>podpora v oblasti soci\u00e1lnej ekonomiky.<\/li>\n<\/ul>\n<p><strong>\u010eal\u0161\u00edm krokom je podanie \u017diadosti o uzatvorenie zmluvy o poskytovan\u00ed soci\u00e1lnej slu\u017eby v na\u0161om zariaden\u00ed<\/strong> (vi\u010f. <em>tla\u010div\u00e1 na stiahnutie<\/em>). \u017diados\u0165 je mo\u017en\u00e9 doru\u010di\u0165 osobne, po\u0161tou alebo e-mailom.<\/p>\n<p>V pr\u00edpade, \u017ee m\u00e1me vo\u013en\u00e9 miesto, <strong>je mo\u017en\u00e9 nast\u00fapi\u0165 do zariadenia<\/strong>.<\/p>\n<p>Ak moment\u00e1lne vo\u013en\u00e9 miesto nem\u00e1me, <strong>zarad\u00edme V\u00e1s do poradovn\u00edka<\/strong>. Po uvo\u013enen\u00ed miesta V\u00e1s budeme kontaktova\u0165.<\/p>\n<p>Ak po osloven\u00ed prejav\u00edte z\u00e1ujem o n\u00e1stup, <strong>na\u0161a organiz\u00e1cia V\u00e1s vyzve na uzatvorenie Zmluvy o poskytovan\u00ed soci\u00e1lnej slu\u017eby<\/strong> v zmysle <strong>Z\u00e1kona \u010d. 448\/2008 Z.z. o soci\u00e1lnych slu\u017eb\u00e1ch<\/strong> a o zmene a doplnen\u00ed z\u00e1kona \u010d. 455\/1991 Zb. o \u017eivnostenskom podnikan\u00ed (\u017eivnostensk\u00fd z\u00e1kon) v znen\u00ed neskor\u0161\u00edch predpisov.<\/p>\n<ul>\n<li><strong>integrovan\u00fd posudok<\/strong><\/li>\n<li><strong>vyhl\u00e1senie o majetku fyzickej osoby na \u00fa\u010dely platenia \u00fahradu za soci\u00e1lnu slu\u017ebu pod\u013ea z\u00e1kona \u010d. 448\/2008 Z.z. o soci\u00e1lnych slu\u017eb\u00e1ch v znen\u00ed neskor\u0161\u00edch predpisov (vi\u010f. tla\u010div\u00e1 na stiahnutie)<\/strong><\/li>\n<li style=\"text-align: justify;\"><strong>potvrdenie (resp. rozhodnutie) Soci\u00e1lnej pois\u0165ovne o aktu\u00e1lnej v\u00fd\u0161ke d\u00f4chodku<\/strong><\/li>\n<li style=\"text-align: justify;\"><strong>platn\u00fd ob\u010diansky preukaz<\/strong><\/li>\n<li style=\"text-align: justify;\"><strong>preukaz zdravotnej pois\u0165ovne<\/strong><\/li>\n<li style=\"text-align: justify;\"><strong>preukaz \u0164ZP (ak vlastn\u00edte)<\/strong><\/li>\n<li style=\"text-align: justify;\"><strong>zdravotn\u00e1 dokument\u00e1cia<\/strong><\/li>\n<li><strong>potvrdenie o bezinfek\u010dnosti (nie star\u0161ie ako 3 dni pred n\u00e1stupom do zariadenia)\u00a0<\/strong><\/li>\n<li style=\"text-align: justify;\"><strong>v pr\u00edpade pozbavenia sp\u00f4sobilosti na pr\u00e1vne \u00fakony Rozhodnutie pr\u00edslu\u0161n\u00e9ho Okresn\u00e9ho s\u00fadu<\/strong><\/li>\n<\/ul>\n<p>&nbsp;<\/p>\n","protected":false},"excerpt":{"rendered":"<p>POSTUP PRI PODAN\u00cd \u017dIADOSTI O UZATVORENIE ZMLUVY O POSKYTOVAN\u00cd SOCI\u00c1LNEJ SLU\u017dBY V ZARIADEN\u00cd Prv\u00fdm krokom je podanie \u017diadosti o integrovan\u00fd posudok\u00a0 na pr\u00edslu\u0161nom \u00darade pr\u00e1ce, soci\u00e1lnych vec\u00ed a rodiny pod\u013ea miesta trval\u00e9ho bydliska. K \u017eiadosti je potrebn\u00e9 prilo\u017ei\u0165\u00a0Sebahodnotiac\u00ed dotazn\u00edk Posudzovanie prebieha v dvoch etap\u00e1ch: Soci\u00e1lna posudkov\u00e1 \u010dinnos\u0165 \u2013 vykon\u00e1va sa ako prv\u00e1. Zameriava sa na [&hellip;]<\/p>\n","protected":false},"author":1,"featured_media":0,"parent":5745,"menu_order":0,"comment_status":"open","ping_status":"open","template":"","meta":{"footnotes":""},"_links":{"self":[{"href":"https:\/\/www.cedronsenior.sk\/index.php?rest_route=\/wp\/v2\/pages\/5749"}],"collection":[{"href":"https:\/\/www.cedronsenior.sk\/index.php?rest_route=\/wp\/v2\/pages"}],"about":[{"href":"https:\/\/www.cedronsenior.sk\/index.php?rest_route=\/wp\/v2\/types\/page"}],"author":[{"embeddable":true,"href":"https:\/\/www.cedronsenior.sk\/index.php?rest_route=\/wp\/v2\/users\/1"}],"replies":[{"embeddable":true,"href":"https:\/\/www.cedronsenior.sk\/index.php?rest_route=%2Fwp%2Fv2%2Fcomments&post=5749"}],"version-history":[{"count":5,"href":"https:\/\/www.cedronsenior.sk\/index.php?rest_route=\/wp\/v2\/pages\/5749\/revisions"}],"predecessor-version":[{"id":9788,"href":"https:\/\/www.cedronsenior.sk\/index.php?rest_route=\/wp\/v2\/pages\/5749\/revisions\/9788"}],"up":[{"embeddable":true,"href":"https:\/\/www.cedronsenior.sk\/index.php?rest_route=\/wp\/v2\/pages\/5745"}],"wp:attachment":[{"href":"https:\/\/www.cedronsenior.sk\/index.php?rest_route=%2Fwp%2Fv2%2Fmedia&parent=5749"}],"curies":[{"name":"wp","href":"https:\/\/api.w.org\/{rel}","templated":true}]}}