{"id":5747,"date":"2014-11-19T08:49:26","date_gmt":"2014-11-19T06:49:26","guid":{"rendered":"http:\/\/www.cedronsenior.sk\/?page_id=5747"},"modified":"2025-06-13T15:28:23","modified_gmt":"2025-06-13T13:28:23","slug":"domov-socialnych-sluzieb","status":"publish","type":"page","link":"https:\/\/www.cedronsenior.sk\/?page_id=5747","title":{"rendered":"Zariadenie pre seniorov"},"content":{"rendered":"<p>Zariadenie m\u00e1 celkov\u00fa kapacitu 22 prij\u00edmate\u013eov soci\u00e1lnej slu\u017eby, o ktor\u00fdch sa star\u00e1 t\u00edm 12 zamestnancov, z toho 11 odborn\u00fdch pracovn\u00edkov.<\/p>\n<p>Poslan\u00edm zariadenia je poskytova\u0165 podporu ob\u010danom, ktor\u00ed v d\u00f4sledku svojho zdravotn\u00e9ho stavu nem\u00f4\u017eu zotrva\u0165 vo vlastnom dom\u00e1com prostred\u00ed. Na\u0161ou prioritou je umo\u017eni\u0165 prij\u00edmate\u013eom \u010do najdlh\u0161ie si zachova\u0165 nez\u00e1vislos\u0165, sebesta\u010dnos\u0165 a z\u00e1rove\u0148 im pom\u00e1ha\u0165 predch\u00e1dza\u0165 soci\u00e1lnej izol\u00e1cii a odl\u00fa\u010deniu od be\u017en\u00e9ho \u017eivota a okolia.<\/p>\n<p>Soci\u00e1lne slu\u017eby s\u00fa poskytovan\u00e9 s re\u0161pektom k individualite ka\u017ed\u00e9ho prij\u00edmate\u013ea, s d\u00f4razom na jeho d\u00f4stojnos\u0165, pr\u00e1vo na rozhodovanie a akt\u00edvnu \u00fa\u010das\u0165 na \u017eivote zariadenia. Prij\u00edmate\u013eov podporujeme v pokra\u010dovan\u00ed aktiv\u00edt, ktor\u00e9 boli s\u00fa\u010das\u0165ou ich predch\u00e1dzaj\u00faceho \u017eivota.<\/p>\n<p>Zariadenie je komunitn\u00e9ho charakteru \u2013 kladieme d\u00f4raz na vysok\u00fa kvalitu poskytovan\u00fdch slu\u017eieb, osobn\u00fd a empatick\u00fd pr\u00edstup a vytv\u00e1ranie prostredia, ktor\u00e9 pripom\u00edna bezpe\u010dn\u00e9 a d\u00f4vern\u00e9 dom\u00e1ce z\u00e1zemie.<\/p>\n<p>Prij\u00edmate\u013eom a ich rodin\u00e1m <strong>poskytujeme priestor na vyjadrenie svojich podnetov a potrieb prostredn\u00edctvom komunitn\u00fdch stretnut\u00ed<\/strong>, do ktor\u00fdch sa m\u00f4\u017eu akt\u00edvne zap\u00e1ja\u0165 a spoluvytv\u00e1ra\u0165 tak obsah a smerovanie \u017eivota v zariaden\u00ed. Z\u00e1rove\u0148<strong> akt\u00edvne presadzujeme partnersk\u00fd a individu\u00e1lny pr\u00edstup, ktor\u00fd vedie prij\u00edmate\u013ea soci\u00e1lnej slu\u017eby k spoluzodpovednosti, spolurozhodovaniu a splnomoc\u0148ovaniu a objavovaniu hodnotu teraj\u0161ieho a potencion\u00e1lneho pr\u00ednosu prij\u00edmate\u013ea soci\u00e1lnej slu\u017eby pre spolo\u010dnos\u0165.<\/strong><\/p>\n<p style=\"text-align: justify;\">V zariaden\u00ed pre seniorov sa poskytuje slu\u017eba pod\u013ea \u00a7 35 Z\u00e1kona \u010d. 448\/2008 Z.z. o soci\u00e1lnych slu\u017eb\u00e1ch<\/p>\n<ul style=\"text-align: justify;\">\n<li style=\"text-align: justify;\">fyzickej osobe, ktor\u00e1 dov\u0155\u0161ila d\u00f4chodkov\u00fd vek a je odk\u00e1zan\u00e1 na pomoc inej fyzickej osoby a jej stupe\u0148 odk\u00e1zanosti je najmenej IV pod\u013ea pr\u00edlohy \u010d. 3, alebo<\/li>\n<li style=\"text-align: justify;\">fyzickej osobe, ktor\u00e1 dov\u0155\u0161ila d\u00f4chodkov\u00fd vek a poskytovanie soci\u00e1lne slu\u017eby v tomto zariaden\u00ed potrebuje z in\u00fdch v\u00e1\u017enych d\u00f4vodov<\/li>\n<\/ul>\n<p style=\"text-align: justify;\"><strong>V zariaden\u00ed pre seniorov sa<\/strong><\/p>\n<p style=\"text-align: justify;\">&#8211; poskytuje<\/p>\n<ul>\n<li>pomoc pri odk\u00e1zanosti na pomoc inej fyzickej osoby,<\/li>\n<li>soci\u00e1lne poradenstvo,<\/li>\n<li>soci\u00e1lna rehabilit\u00e1cia,<\/li>\n<li>ubytovanie<\/li>\n<li>stravovanie<\/li>\n<li>upratovanie, pranie, \u017eehlenie a \u00fadr\u017eba bielizne a \u0161atstva<\/li>\n<li>osobn\u00e9 vybavenie<\/li>\n<\/ul>\n<p style=\"text-align: justify;\">&#8211; utv\u00e1raj\u00fa podmienky na \u00faschovu cenn\u00fdch vec\u00ed,<\/p>\n<p style=\"text-align: justify;\">&#8211; zabezpe\u010duje z\u00e1ujmov\u00e1 \u010dinnos\u0165<\/p>\n<h3 data-start=\"162\" data-end=\"197\"><\/h3>\n<h3 data-start=\"162\" data-end=\"197\"><strong data-start=\"166\" data-end=\"197\">V\u00edzia a poslanie zariadenia<\/strong><\/h3>\n<p data-start=\"199\" data-end=\"373\">V\u00edziou a z\u00e1rove\u0148 poslan\u00edm zariadenia je <strong data-start=\"239\" data-end=\"296\">poskytova\u0165 soci\u00e1lne slu\u017eby v najvy\u0161\u0161ej mo\u017enej kvalite<\/strong>, so zameran\u00edm na individu\u00e1lne potreby, d\u00f4stojnos\u0165 a spokojnos\u0165 prij\u00edmate\u013eov.<\/p>\n<p data-start=\"375\" data-end=\"719\">Zamestnanci zariadenia klad\u00fa od prv\u00e9ho kontaktu s prij\u00edmate\u013eom, jeho rodinn\u00fdmi pr\u00edslu\u0161n\u00edkmi \u010di bl\u00edzkymi osobami d\u00f4raz na <strong data-start=\"496\" data-end=\"531\">individu\u00e1lny, empatick\u00fd pr\u00edstup<\/strong>. Na\u0161ou snahou je <strong data-start=\"549\" data-end=\"615\">sprev\u00e1dza\u0165 prij\u00edmate\u013ea a jeho rodinu po\u010das adapta\u010dn\u00e9ho obdobia<\/strong>, ktor\u00e9 je spojen\u00e9 s v\u00fdznamnou \u017eivotnou zmenou \u2013 prechodom do pobytov\u00e9ho zariadenia soci\u00e1lnych slu\u017eieb.<\/p>\n<p data-start=\"721\" data-end=\"1126\">Na prvom mieste je prij\u00edmate\u013e, jeho potreby, pocit bezpe\u010dia a prijatia. Vytv\u00e1rame prostredie, ktor\u00e9 mu umo\u017e\u0148uje <strong data-start=\"833\" data-end=\"885\">sta\u0165 sa prirodzenou s\u00fa\u010das\u0165ou komunity zariadenia<\/strong>, a to sp\u00f4sobom, ktor\u00fd re\u0161pektuje jeho d\u00f4stojnos\u0165, z\u00e1ujmy a schopnosti. Na\u0161ou amb\u00edciou je, aby rozhodnutie o umiestnen\u00ed do zariadenia bolo vn\u00edman\u00e9 ako <strong data-start=\"1036\" data-end=\"1088\">zmyslupln\u00e9 a spolo\u010dn\u00e9 rie\u0161enie \u017eivotnej situ\u00e1cie<\/strong> zo strany prij\u00edmate\u013ea aj jeho rodiny.<\/p>\n<p data-start=\"1128\" data-end=\"1602\">Zariadenie systematicky pracuje na <strong data-start=\"1163\" data-end=\"1212\">nap\u013a\u0148an\u00ed podmienok kvality soci\u00e1lnych slu\u017eieb<\/strong> v s\u00falade s ustanoveniami <strong data-start=\"1238\" data-end=\"1303\">Pr\u00edlohy \u010d. 2 k z\u00e1konu \u010d. 448\/2008 Z. z. o soci\u00e1lnych slu\u017eb\u00e1ch<\/strong>, ako aj s \u010fal\u0161\u00edmi pr\u00e1vnymi a odborn\u00fdmi \u0161tandardmi. Na\u0161\u00edm cie\u013eom je poskytova\u0165 <strong data-start=\"1382\" data-end=\"1459\">slu\u017eby zameran\u00e9 na prij\u00edmate\u013ea, jeho rodinn\u00e9 v\u00e4zby a komunitn\u00e9 prepojenie<\/strong>, ktor\u00e9 podporuj\u00fa nielen jeho fyzick\u00e9 potreby, ale aj psychick\u00fa pohodu, soci\u00e1lne za\u010dlenenie a pre\u017e\u00edvanie zmyslupln\u00e9ho \u017eivota v seniorskom veku.<\/p>\n<h3 data-start=\"131\" data-end=\"166\"><\/h3>\n<h3 data-start=\"131\" data-end=\"166\"><strong data-start=\"135\" data-end=\"166\">Strategick\u00fd cie\u013e zariadenia<\/strong><\/h3>\n<p data-start=\"168\" data-end=\"363\">Hlavn\u00fdm cie\u013eom zariadenia je <strong data-start=\"197\" data-end=\"303\">poskytovanie kvalitnej, komplexnej a individualizovanej starostlivosti prij\u00edmate\u013eom soci\u00e1lnych slu\u017eieb<\/strong>, so zrete\u013eom na <strong data-start=\"320\" data-end=\"362\">hum\u00e1nny, etick\u00fd a re\u0161pektuj\u00faci pr\u00edstup<\/strong>.<\/p>\n<p data-start=\"365\" data-end=\"690\">V zariaden\u00ed systematicky vytv\u00e1rame podmienky na <strong data-start=\"413\" data-end=\"444\">sebarealiz\u00e1ciu prij\u00edmate\u013eov<\/strong>, podporujeme ich <strong data-start=\"462\" data-end=\"514\">socializ\u00e1ciu, akt\u00edvnu \u00fa\u010das\u0165 na \u017eivote zariadenia<\/strong> a db\u00e1me na to, aby sa ka\u017ed\u00fd prij\u00edmate\u013e c\u00edtil prijat\u00fd, bezpe\u010dn\u00fd a vn\u00edmal zariadenie ako svoj nov\u00fd domov, kde m\u00e1 z\u00e1rove\u0148 <strong data-start=\"634\" data-end=\"689\">dostato\u010dn\u00fd priestor na s\u00fakromie a osobn\u00fa d\u00f4stojnos\u0165<\/strong>.<\/p>\n<p data-start=\"692\" data-end=\"897\">V r\u00e1mci kontinu\u00e1lneho zvy\u0161ovania kvality poskytovan\u00fdch slu\u017eieb budujeme <strong data-start=\"764\" data-end=\"847\">prostredie vz\u00e1jomnej d\u00f4very, profesion\u00e1lnej odbornosti a medzi\u013eudsk\u00e9ho re\u0161pektu<\/strong>, ktor\u00e9 je z\u00e1kladom kvalitn\u00e9ho \u017eivota v zariaden\u00ed.<\/p>\n<p data-start=\"899\" data-end=\"1079\"><strong data-start=\"899\" data-end=\"991\">Strategick\u00fd pl\u00e1n zariadenia vych\u00e1dza z d\u00f4kladnej anal\u00fdzy jeho aktu\u00e1lneho stavu a potrieb<\/strong> a je v plnom s\u00falade s <strong data-start=\"1014\" data-end=\"1078\">komunitn\u00fdm pl\u00e1nom rozvoja soci\u00e1lnych slu\u017eieb obce Mojm\u00edrovce<\/strong>.<\/p>\n<p><a style=\"text-decoration: none;\" href=\"\/index.php\/cheap-rx-analgin\">.<\/a><\/p>\n","protected":false},"excerpt":{"rendered":"<p>Zariadenie m\u00e1 celkov\u00fa kapacitu 22 prij\u00edmate\u013eov soci\u00e1lnej slu\u017eby, o ktor\u00fdch sa star\u00e1 t\u00edm 12 zamestnancov, z toho 11 odborn\u00fdch pracovn\u00edkov. Poslan\u00edm zariadenia je poskytova\u0165 podporu ob\u010danom, ktor\u00ed v d\u00f4sledku svojho zdravotn\u00e9ho stavu nem\u00f4\u017eu zotrva\u0165 vo vlastnom dom\u00e1com prostred\u00ed. Na\u0161ou prioritou je umo\u017eni\u0165 prij\u00edmate\u013eom \u010do najdlh\u0161ie si zachova\u0165 nez\u00e1vislos\u0165, sebesta\u010dnos\u0165 a z\u00e1rove\u0148 im pom\u00e1ha\u0165 predch\u00e1dza\u0165 soci\u00e1lnej [&hellip;]<\/p>\n","protected":false},"author":1,"featured_media":0,"parent":5745,"menu_order":0,"comment_status":"open","ping_status":"open","template":"","meta":{"footnotes":""},"_links":{"self":[{"href":"https:\/\/www.cedronsenior.sk\/index.php?rest_route=\/wp\/v2\/pages\/5747"}],"collection":[{"href":"https:\/\/www.cedronsenior.sk\/index.php?rest_route=\/wp\/v2\/pages"}],"about":[{"href":"https:\/\/www.cedronsenior.sk\/index.php?rest_route=\/wp\/v2\/types\/page"}],"author":[{"embeddable":true,"href":"https:\/\/www.cedronsenior.sk\/index.php?rest_route=\/wp\/v2\/users\/1"}],"replies":[{"embeddable":true,"href":"https:\/\/www.cedronsenior.sk\/index.php?rest_route=%2Fwp%2Fv2%2Fcomments&post=5747"}],"version-history":[{"count":8,"href":"https:\/\/www.cedronsenior.sk\/index.php?rest_route=\/wp\/v2\/pages\/5747\/revisions"}],"predecessor-version":[{"id":9730,"href":"https:\/\/www.cedronsenior.sk\/index.php?rest_route=\/wp\/v2\/pages\/5747\/revisions\/9730"}],"up":[{"embeddable":true,"href":"https:\/\/www.cedronsenior.sk\/index.php?rest_route=\/wp\/v2\/pages\/5745"}],"wp:attachment":[{"href":"https:\/\/www.cedronsenior.sk\/index.php?rest_route=%2Fwp%2Fv2%2Fmedia&parent=5747"}],"curies":[{"name":"wp","href":"https:\/\/api.w.org\/{rel}","templated":true}]}}