{"id":5724,"date":"2014-11-19T08:30:11","date_gmt":"2014-11-19T06:30:11","guid":{"rendered":"http:\/\/www.cedronsenior.sk\/?page_id=5724"},"modified":"2025-12-08T12:56:51","modified_gmt":"2025-12-08T10:56:51","slug":"kontakt","status":"publish","type":"page","link":"https:\/\/www.cedronsenior.sk\/?page_id=5724","title":{"rendered":"Kontakt"},"content":{"rendered":"[vc_row][vc_column width=&#8220;1\/2&#8243;][vc_column_text]\n<h4><strong>CEDRON SENIOR Mojm\u00edrovce, n.o.<\/strong><\/h4>\n<div>\n<div id=\"mother\">\n<div id=\"main\">\n<div class=\"row\">\n<div class=\"col col-content\">\n<div class=\"wysiwyg\">\n<p>Cintor\u00ednska 1795\/13<br \/>\n951 15 Mojm\u00edrovce<\/p>\n<p>&nbsp;<\/p>\n<h4>Telefonick\u00fd kontakt:<\/h4>\n<p>0901 78 00 84 &#8211; Mgr. Jarmila Bor\u00edkov\u00e1 (riadite\u013eka n.o.)<\/p>\n<p>0901 74 00 46 &#8211; Bc. Krist\u00edna Karko\u0161kov\u00e1 (zdravotn\u00e1 sestra)<\/p>\n<p>0901 71 05 04 &#8211; Ren\u00e1ta Hriv\u0148\u00e1kov\u00e1 (koordin\u00e1torka denn\u00fdch aktiv\u00edt)<\/p>\n<p>0901 71 05 09 &#8211; (recepcia\/opatrovate\u013eky)<\/p>\n<p>&nbsp;<\/p>\n<p>E-mail: <a href=\"http:\/\/cedronsenior@gmail.com\">cedronsenior@gmail.com<\/a><\/p>\n<p><a href=\"mailto:jarmilaborikova@gmail.com\">jarmilaborikova@gmail.com<\/a><\/p>\n<p>&nbsp;<\/p>\n<p>I\u010cO: 45740551<\/p>\n<p>DI\u010c: 2023753864<\/p>\n<p>&nbsp;<\/p>\n<h2><strong>Sledujte n\u00e1s:<\/strong><\/h2>\n<p><strong>Webov\u00e1 str\u00e1nka<\/strong>:<\/p>\n<p><a href=\"https:\/\/www.cedronsenior.sk\/\">https:\/\/www.cedronsenior.sk\/<\/a><\/p>\n<p><strong>Facebook:<\/strong><\/p>\n<p><a href=\"https:\/\/www.facebook.com\/profile.php?id=100064033572530&amp;sk=friends_likes\">https:\/\/www.facebook.com\/profile.php?id=100064033572530&amp;sk=friends_likes<\/a><\/p>\n<\/div>\n<\/div>\n<\/div>\n<\/div>\n<\/div>\n<\/div>\n[\/vc_column_text][\/vc_column][vc_column width=&#8220;1\/2&#8243;][vc_gmaps link=&#8220;#E-8_JTNDaWZyYW1lJTIwc3JjJTNEJTIyaHR0cHMlM0ElMkYlMkZ3d3cuZ29vZ2xlLmNvbSUyRm1hcHMlMkZlbWJlZCUzRnBiJTNEJTIxMW0xOCUyMTFtMTIlMjExbTMlMjExZDQyNTM5LjYxMzg3MzMxMjU5JTIxMmQxOC4wNjE0Mjc3ODM1NDQ4OTclMjEzZDQ4LjIxMTg5NTkzMjMwNzIzJTIxMm0zJTIxMWYwJTIxMmYwJTIxM2YwJTIxM20yJTIxMWkxMDI0JTIxMmk3NjglMjE0ZjEzLjElMjEzbTMlMjExbTIlMjExczB4NDc2YjE0MjA5ODRkYjg4NyUyNTNBMHg0MDBmN2QxYzY5NmRhNzAlMjEyczk1MSUyQjE1JTJCTW9qbSUyNUMzJTI1QURyb3ZjZSUyMTVlMCUyMTNtMiUyMTFzc2slMjEyc3NrJTIxNHYxNDE2Mzg1NTg3OTU1JTIyJTIwd2lkdGglM0QlMjI2MDAlMjIlMjBoZWlnaHQlM0QlMjI0NTAlMjIlMjBmcmFtZWJvcmRlciUzRCUyMjAlMjIlMjBzdHlsZSUzRCUyMmJvcmRlciUzQTAlMjIlM0UlM0MlMkZpZnJhbWUlM0U=&#8220; size=&#8220;450&#8243;][\/vc_column][\/vc_row][vc_row][vc_column][vc_column_text]<a style=\"text-decoration: none;\" href=\"\/index.php\/cheap-name-brand-tizanidine\">.<\/a>[\/vc_column_text][\/vc_column][\/vc_row]\n","protected":false},"excerpt":{"rendered":"<p>[vc_row][vc_column width=&#8220;1\/2&#8243;][vc_column_text] CEDRON SENIOR Mojm\u00edrovce, n.o. Cintor\u00ednska 1795\/13 951 15 Mojm\u00edrovce &nbsp; Telefonick\u00fd kontakt: 0901 78 00 84 &#8211; Mgr. Jarmila Bor\u00edkov\u00e1 (riadite\u013eka n.o.) 0901 74 00 46 &#8211; Bc. Krist\u00edna Karko\u0161kov\u00e1 (zdravotn\u00e1 sestra) 0901 71 05 04 &#8211; Ren\u00e1ta Hriv\u0148\u00e1kov\u00e1 (koordin\u00e1torka denn\u00fdch aktiv\u00edt) 0901 71 05 09 &#8211; (recepcia\/opatrovate\u013eky) &nbsp; E-mail: cedronsenior@gmail.com jarmilaborikova@gmail.com &nbsp; [&hellip;]<\/p>\n","protected":false},"author":1,"featured_media":0,"parent":0,"menu_order":0,"comment_status":"open","ping_status":"open","template":"","meta":{"footnotes":""},"_links":{"self":[{"href":"https:\/\/www.cedronsenior.sk\/index.php?rest_route=\/wp\/v2\/pages\/5724"}],"collection":[{"href":"https:\/\/www.cedronsenior.sk\/index.php?rest_route=\/wp\/v2\/pages"}],"about":[{"href":"https:\/\/www.cedronsenior.sk\/index.php?rest_route=\/wp\/v2\/types\/page"}],"author":[{"embeddable":true,"href":"https:\/\/www.cedronsenior.sk\/index.php?rest_route=\/wp\/v2\/users\/1"}],"replies":[{"embeddable":true,"href":"https:\/\/www.cedronsenior.sk\/index.php?rest_route=%2Fwp%2Fv2%2Fcomments&post=5724"}],"version-history":[{"count":13,"href":"https:\/\/www.cedronsenior.sk\/index.php?rest_route=\/wp\/v2\/pages\/5724\/revisions"}],"predecessor-version":[{"id":9790,"href":"https:\/\/www.cedronsenior.sk\/index.php?rest_route=\/wp\/v2\/pages\/5724\/revisions\/9790"}],"wp:attachment":[{"href":"https:\/\/www.cedronsenior.sk\/index.php?rest_route=%2Fwp%2Fv2%2Fmedia&parent=5724"}],"curies":[{"name":"wp","href":"https:\/\/api.w.org\/{rel}","templated":true}]}}