{"id":25,"date":"2014-09-18T11:14:01","date_gmt":"2014-09-18T11:14:01","guid":{"rendered":"http:\/\/artbees.net\/themes\/jupiter\/euanthe\/?page_id=25"},"modified":"2025-08-28T11:03:38","modified_gmt":"2025-08-28T09:03:38","slug":"home","status":"publish","type":"page","link":"https:\/\/www.cedronsenior.sk\/","title":{"rendered":"DOMOV"},"content":{"rendered":"[vc_row fullwidth=&#8220;true&#8220; padding=&#8220;0&#8243;][vc_column][mk_slideshow_box images=&#8220;6764,6763,6753,6771,7684,8659,8272,9214,9215,9216&#8243; slideshow_speed=&#8220;2000&#8243; section_height=&#8220;0&#8243; padding_top=&#8220;50&#8243; padding_bottom=&#8220;50&#8243; img_position=&#8220;center center&#8220;][vc_row_inner][vc_column_inner width=&#8220;1\/2&#8243;][mk_fancy_title color=&#8220;#ffffff&#8220; size=&#8220;44&#8243; font_weight=&#8220;bold&#8220; txt_transform=&#8220;none&#8220; margin_bottom=&#8220;0&#8243; font_family=&#8220;none&#8220;]<span id=\"rbcCompanySlogan\" class=\"rbcNoStyleSpan\">&#8222;Kr\u00e1sni mlad\u00ed \u013eudia s\u00fa hra\u010dka pr\u00edrody, ale kr\u00e1sni star\u00ed \u013eudia s\u00fa umeleck\u00e9 diela.&#8220; Buddha<\/span>[\/mk_fancy_title][\/vc_column_inner][vc_column_inner width=&#8220;1\/2&#8243;] [\/vc_column_inner][\/vc_row_inner][\/mk_slideshow_box][\/vc_column][\/vc_row][vc_row][vc_column css=&#8220;.vc_custom_1434605462848{padding-top: 40px !important;}&#8220;][vc_column_text]\n<h1 style=\"text-align: justify;\"><span style=\"color: #ff0000;\"><strong>Vitajte na str\u00e1nkach n\u00e1\u0161ho\u00a0domova<\/strong><\/span><\/h1>\n<p style=\"text-align: justify;\"><strong><span style=\"color: #000000;\"><span style=\"text-align: justify;\">Zariadenie soci\u00e1lnych slu\u017eieb sa nach\u00e1dza v srdci obce Mojm\u00edrovce, sp\u00e1dovej obce okolit\u00fdch obc\u00ed pod\u013ea ktor\u00fdch dostal svoje pomenovanie CEDRON SENIOR (Mikroregi\u00f3n CEDRON sp\u00e1ja okolit\u00e9 obce Cabaj-\u010c\u00e1por, Mojm\u00edrovce, Po\u013en\u00fd Kesov, Sv\u00e4toplukovo, \u0160tefanovi\u010dov\u00e1 a Ve\u013ek\u00e1 Dolina). \u00a0V zariaden\u00ed poskytujeme soci\u00e1lne slu\u017eby fyzick\u00fdm osob\u00e1m, ktor\u00e9 dov\u0155\u0161ili d\u00f4chodkov\u00fd vek a s\u00fa odk\u00e1zan\u00e9 na pomoc inej fyzickej osoby.<\/span><\/span><\/strong><\/p>\n[\/vc_column_text][\/vc_column][\/vc_row][vc_row][vc_column css=&#8220;.vc_custom_1416388735386{padding-top: 30px !important;padding-bottom: 30px !important;}&#8220;][vc_row_inner][vc_column_inner width=&#8220;1\/3&#8243;][mk_image src=&#8220;http:\/\/www.cedronsenior.sk\/wp-content\/uploads\/2014\/09\/SAM_0568.jpg&#8220; group=&#8220;_general&#8220; margin_bottom=&#8220;0&#8243; crop=&#8220;false&#8220;][mk_fancy_title tag_name=&#8220;h3&#8243; color=&#8220;#dd3333&#8243; size=&#8220;18&#8243; font_weight=&#8220;bold&#8220; font_style=&#8220;inhert&#8220; txt_transform=&#8220;none&#8220; margin_top=&#8220;40&#8243; margin_bottom=&#8220;30&#8243; font_family=&#8220;none&#8220; align=&#8220;center&#8220;] <span style=\"color: #ff0000;\">Zariadenie soci\u00e1lnych slu\u017eieb<\/span> [\/mk_fancy_title][vc_column_text align=&#8220;center&#8220; margin_bottom=&#8220;10&#8243;]\n<p style=\"text-align: justify;\"><span style=\"color: #000000;\">Na\u0161a organiz\u00e1cia poskytuje soci\u00e1lne slu\u017eby\u00a022 klientom v Zariaden\u00ed pre seniorov. Poslan\u00edm n\u00e1\u0161ho zariadenia je\u00a0poskytovanie slu\u017eieb ob\u010danom, ktor\u00ed sa nach\u00e1dzaj\u00fa v soci\u00e1lnej n\u00fadzi a pre svoj zdravotn\u00fd stav nie s\u00fa schopn\u00ed zotrva\u0165 vo svojom dom\u00e1com prostred\u00ed.<\/span><\/p>\n[\/vc_column_text][mk_button dimension=&#8220;flat&#8220; corner_style=&#8220;rounded&#8220; size=&#8220;medium&#8220; url=&#8220;http:\/\/www.cedronsenior.sk\/?page_id=5747&#8243; align=&#8220;center&#8220; bg_color=&#8220;#dd3333&#8243; btn_hover_bg=&#8220;#000022&#8243; btn_hover_txt_color=&#8220;#ffffff&#8220;] Viac &#8230; [\/mk_button][\/vc_column_inner][vc_column_inner width=&#8220;1\/3&#8243;][mk_image src=&#8220;http:\/\/www.cedronsenior.sk\/wp-content\/uploads\/2014\/09\/SAM_0579.jpg&#8220; group=&#8220;_general&#8220; margin_bottom=&#8220;0&#8243; crop=&#8220;false&#8220;][mk_fancy_title tag_name=&#8220;h3&#8243; color=&#8220;#dd3333&#8243; size=&#8220;18&#8243; font_weight=&#8220;bold&#8220; font_style=&#8220;inhert&#8220; txt_transform=&#8220;none&#8220; margin_top=&#8220;40&#8243; margin_bottom=&#8220;30&#8243; font_family=&#8220;none&#8220; align=&#8220;center&#8220;] <span style=\"color: #ff0000;\">Ubytovanie<\/span> [\/mk_fancy_title][vc_column_text align=&#8220;center&#8220; margin_bottom=&#8220;10&#8243;]\n<p style=\"text-align: justify;\"><span style=\"color: #000000;\">Sme zariadenie, ktor\u00e9 kladie d\u00f4raz na rodinn\u00e9 hodnoty, individu\u00e1lny, l\u00e1skav\u00fd a empatick\u00fd pr\u00edstup s vytv\u00e1ran\u00edm pocitu bezpe\u010dia a maxim\u00e1lnej podpory. Poskytujeme\u00a0 ubytovanie v \u00fatuln\u00fdch dvoj a trojl\u00f4\u017ekov\u00fdch izb\u00e1ch. Vo vstupnej hale je mo\u017enos\u0165 spolo\u010dn\u00e9ho posedenia s rodinn\u00fdmi pr\u00edslu\u0161n\u00edkmi, priate\u013emi, spoluobyvate\u013emi, zamestnancami zariadenia. Strava sa klientom pod\u00e1va v spolo\u010dnej jed\u00e1lni.<\/span><\/p>\n[\/vc_column_text][mk_button dimension=&#8220;flat&#8220; corner_style=&#8220;rounded&#8220; size=&#8220;medium&#8220; url=&#8220;http:\/\/www.cedronsenior.sk\/?page_id=5759&#8243; align=&#8220;center&#8220; bg_color=&#8220;#dd3333&#8243; btn_hover_bg=&#8220;#000022&#8243; btn_hover_txt_color=&#8220;#ffffff&#8220;] Viac &#8230; [\/mk_button][\/vc_column_inner][vc_column_inner width=&#8220;1\/3&#8243;][mk_image src=&#8220;http:\/\/www.cedronsenior.sk\/wp-content\/uploads\/2016\/03\/SAM_10152.jpg&#8220; group=&#8220;_general&#8220; margin_bottom=&#8220;0&#8243; crop=&#8220;false&#8220;][mk_fancy_title tag_name=&#8220;h3&#8243; color=&#8220;#dd3333&#8243; size=&#8220;18&#8243; font_weight=&#8220;bold&#8220; font_style=&#8220;inhert&#8220; txt_transform=&#8220;none&#8220; margin_top=&#8220;40&#8243; margin_bottom=&#8220;30&#8243; font_family=&#8220;none&#8220; align=&#8220;center&#8220;]<span style=\"color: #ff0000;\">Na\u0161e spolo\u010dn\u00e9 aktivity\u00a0<\/span>[\/mk_fancy_title][vc_column_text]\n<p style=\"text-align: justify;\">Op\u00e4\u0165 sme sa vr\u00e1tili sa do mlad\u0161\u00edch \u010dias a vyma\u013eovali si kr\u00e1sne rozpr\u00e1vkov\u00e9 obr\u00e1zky. D\u00e1my princezn\u00e9 a p\u00e1ni aut\u00ed\u010dka \ud83d\ude42<\/p>\n[\/vc_column_text][mk_button dimension=&#8220;flat&#8220; corner_style=&#8220;rounded&#8220; size=&#8220;medium&#8220; url=&#8220;http:\/\/www.cedronsenior.sk\/?page_id=7126&#8243; align=&#8220;center&#8220; bg_color=&#8220;#dd3333&#8243; btn_hover_bg=&#8220;#252525&#8243;]Viac&#8230; [\/mk_button][\/vc_column_inner][\/vc_row_inner][\/vc_column][\/vc_row][vc_row][vc_column][vc_column_text]Zmeny v z\u00e1kone o soci\u00e1lnych slu\u017eb\u00e1ch \u00fa\u010dinn\u00e9 od <strong>1. septembra 2025<\/strong> :<\/p>\n<p><strong>Presun posudkovej \u010dinnosti<\/strong><\/p>\n<p>Od 1.\u202f9.\u202f2025 <strong>obce, mest\u00e1 a vy\u0161\u0161ie \u00fazemn\u00e9 celky (V\u00daC)<\/strong> u\u017e <strong>nebud\u00fa<\/strong> vykon\u00e1va\u0165 posudzovanie odk\u00e1zanosti na soci\u00e1lne slu\u017eby. T\u00fato \u00falohu preber\u00e1 <strong>\u00darad pr\u00e1ce, soci\u00e1lnych vec\u00ed a rodiny (\u00daPSVaR)<\/strong><\/p>\n<p>Posledn\u00fd de\u0148, kedy si mo\u017en\u00e9 po\u017eiada\u0165 o posudok na obci\/meste je <strong>31.<\/strong><strong>\u202f8.<\/strong><strong>\u202f2025<\/strong><\/p>\n<p>Nov\u00fd z\u00e1kon \u010d.\u202f376\/2024 Z.\u202fz. zav\u00e1dza mechanizmus <strong>integrovan\u00e9ho posudku<\/strong> \u2014 jeden dokument, ktor\u00fd nahr\u00e1dza samostatn\u00e9 soci\u00e1lne aj zdravotn\u00e9 posudky<\/p>\n<p>\u017diados\u0165<strong> o integrovan\u00fd posudok \u00a0je potrebn\u00e9 po\u017eiada\u0165 a poda\u0165 na \u00darade pr\u00e1ce soci\u00e1lnych veci a rodiny. ( link na stiahnutie \u017eiadosti je prilo\u017een\u00fd ni\u017e\u0161ie)<\/strong><\/p>\n<p>S\u00fa\u010dasn\u00e9 stupne odk\u00e1zanosti \u00a0II.\u2013VI. sa upravia na <strong>I.\u2013V.<\/strong><\/p>\n<p><a href=\"https:\/\/www.upsvr.gov.sk\/buxus\/docs\/SSVaR\/OPPKPC\/Ziadost_o_IP.pdf\">\u017diados\u0165 o integrovan\u00fd posudok<\/a>[\/vc_column_text][vc_column_text][\/vc_column_text][vc_column_text][\/vc_column_text][vc_column_text align=&#8220;center&#8220; margin_bottom=&#8220;10&#8243;]\n<p style=\"text-align: center;\"><strong><span style=\"color: #ff0000;\">\u0160TANDARDY KVALITY SOCI\u00c1LNYCH SLU\u017dIEB<\/span><\/strong><\/p>\n<p>&nbsp;<\/p>\n<p style=\"text-align: justify;\"><span style=\"color: #000000;\">Od 01.11.2022 vo\u0161iel do platnosti nov\u00fd z\u00e1kon \u010d. 345\/2022 Z. z. o in\u0161pekcii v soci\u00e1lnych veciach, ktor\u00fdm sa men\u00ed a dop\u013a\u0148a z\u00e1kon \u010d. 448\/2008 Z. z. o soci\u00e1lnych slu\u017eb\u00e1ch, v \u00a7 9, ods.8 ur\u010duje zariadeniu povinnos\u0165 plni\u0165 \u0161tandardy kvality pri poskytovan\u00ed soci\u00e1lnej slu\u017eby. <\/span><\/p>\n<p style=\"text-align: justify;\"><span style=\"color: #000000;\">V pr\u00edlohe \u010d. 2 z\u00e1kona \u010d. 448\/2008 Z. z. v znen\u00ed z\u00e1kona \u010d. 345\/2022 Z.z. s\u00fa stanoven\u00e9 a bli\u017e\u0161ie pop\u00edsan\u00e9 podmienky kvality poskytovanej soci\u00e1lnej slu\u017eby prostredn\u00edctvom \u0161tandardov a prostredn\u00edctvom jednotliv\u00fdch krit\u00e9ri\u00ed, je definovan\u00fd sp\u00f4sob ako zabezpe\u010di\u0165 realiz\u00e1ciu pre kvalitn\u00e9 poskytovanie soci\u00e1lnych slu\u017eieb. <\/span><\/p>\n<p style=\"text-align: justify;\"><span style=\"color: #000000;\">Podmienky kvality soci\u00e1lnych slu\u017eieb s\u00fa prostriedkom ako zlep\u0161ova\u0165 kvalitu poskytovan\u00fdch soci\u00e1lnych slu\u017eieb, z\u00e1rove\u0148 zlep\u0161ova\u0165 kvalitu \u017eivota prij\u00edmate\u013eov soci\u00e1lnych slu\u017eieb, umo\u017e\u0148ova\u0165 im rozhodova\u0165 o svojich priorit\u00e1ch a \u017ei\u0165 spokojn\u00fd \u017eivot za pomoci pracovn\u00edkov, ktor\u00ed im pom\u00e1haj\u00fa v nap\u013a\u0148an\u00ed cie\u013eov.<\/span><\/p>\n<p style=\"text-align: left;\"><strong><span style=\"color: #ff0000;\"><a style=\"color: #ff0000;\" href=\"https:\/\/www.cedronsenior.sk\/wp-content\/uploads\/2023\/08\/tandardy-kvality-socilnych-sluieb.docx\">\u0160tandardy-kvality-soci\u00e1lnych-slu\u017eieb<\/a><\/span><\/strong><\/p>\n[\/vc_column_text][vc_column_text][\/vc_column_text][\/vc_column][\/vc_row][vc_row][vc_column][vc_column_text] [\/vc_column_text][\/vc_column][\/vc_row][vc_row][vc_column][\/vc_column][\/vc_row][vc_row][vc_column][vc_column_text] [\/vc_column_text][\/vc_column][\/vc_row][vc_row][vc_column][vc_column_text] [\/vc_column_text][\/vc_column][\/vc_row][vc_row][vc_column][vc_column_text]\n[\/vc_column_text][\/vc_column][\/vc_row][vc_row][vc_column][vc_column_text][\/vc_column_text][\/vc_column][\/vc_row]\n","protected":false},"excerpt":{"rendered":"<p>[vc_row fullwidth=&#8220;true&#8220; padding=&#8220;0&#8243;][vc_column][mk_slideshow_box images=&#8220;6764,6763,6753,6771,7684,8659,8272,9214,9215,9216&#8243; slideshow_speed=&#8220;2000&#8243; section_height=&#8220;0&#8243; padding_top=&#8220;50&#8243; padding_bottom=&#8220;50&#8243; img_position=&#8220;center center&#8220;][vc_row_inner][vc_column_inner width=&#8220;1\/2&#8243;][mk_fancy_title color=&#8220;#ffffff&#8220; size=&#8220;44&#8243; font_weight=&#8220;bold&#8220; txt_transform=&#8220;none&#8220; margin_bottom=&#8220;0&#8243; font_family=&#8220;none&#8220;]&#8222;Kr\u00e1sni mlad\u00ed \u013eudia s\u00fa hra\u010dka pr\u00edrody, ale kr\u00e1sni star\u00ed \u013eudia s\u00fa umeleck\u00e9 diela.&#8220; Buddha[\/mk_fancy_title][\/vc_column_inner][vc_column_inner width=&#8220;1\/2&#8243;] [\/vc_column_inner][\/vc_row_inner][\/mk_slideshow_box][\/vc_column][\/vc_row][vc_row][vc_column css=&#8220;.vc_custom_1434605462848{padding-top: 40px !important;}&#8220;][vc_column_text] Vitajte na str\u00e1nkach n\u00e1\u0161ho\u00a0domova Zariadenie soci\u00e1lnych slu\u017eieb sa nach\u00e1dza v srdci obce Mojm\u00edrovce, sp\u00e1dovej obce okolit\u00fdch obc\u00ed pod\u013ea ktor\u00fdch dostal [&hellip;]<\/p>\n","protected":false},"author":1,"featured_media":0,"parent":0,"menu_order":0,"comment_status":"open","ping_status":"open","template":"","meta":{"footnotes":""},"_links":{"self":[{"href":"https:\/\/www.cedronsenior.sk\/index.php?rest_route=\/wp\/v2\/pages\/25"}],"collection":[{"href":"https:\/\/www.cedronsenior.sk\/index.php?rest_route=\/wp\/v2\/pages"}],"about":[{"href":"https:\/\/www.cedronsenior.sk\/index.php?rest_route=\/wp\/v2\/types\/page"}],"author":[{"embeddable":true,"href":"https:\/\/www.cedronsenior.sk\/index.php?rest_route=\/wp\/v2\/users\/1"}],"replies":[{"embeddable":true,"href":"https:\/\/www.cedronsenior.sk\/index.php?rest_route=%2Fwp%2Fv2%2Fcomments&post=25"}],"version-history":[{"count":28,"href":"https:\/\/www.cedronsenior.sk\/index.php?rest_route=\/wp\/v2\/pages\/25\/revisions"}],"predecessor-version":[{"id":9741,"href":"https:\/\/www.cedronsenior.sk\/index.php?rest_route=\/wp\/v2\/pages\/25\/revisions\/9741"}],"wp:attachment":[{"href":"https:\/\/www.cedronsenior.sk\/index.php?rest_route=%2Fwp%2Fv2%2Fmedia&parent=25"}],"curies":[{"name":"wp","href":"https:\/\/api.w.org\/{rel}","templated":true}]}}